{"id":7988,"date":"2023-02-08T02:26:49","date_gmt":"2023-02-08T01:26:49","guid":{"rendered":"https:\/\/domspain.eu\/?page_id=7988"},"modified":"2023-05-04T10:50:13","modified_gmt":"2023-05-04T08:50:13","slug":"soluciones-digitales","status":"publish","type":"page","link":"https:\/\/domspain.eu\/es\/soluciones-digitales\/","title":{"rendered":"Soluciones digitales"},"content":{"rendered":"\t\t<div data-elementor-type=\"wp-page\" data-elementor-id=\"7988\" class=\"elementor elementor-7988 elementor-32\" data-elementor-post-type=\"page\">\n\t\t\t\t\t\t<section class=\"elementor-section elementor-top-section elementor-element elementor-element-2ab00c0 animated-fast elementor-section-boxed elementor-section-height-default elementor-section-height-default elementor-invisible\" data-id=\"2ab00c0\" data-element_type=\"section\" data-e-type=\"section\" data-settings=\"{&quot;background_background&quot;:&quot;classic&quot;,&quot;jet_parallax_layout_list&quot;:[],&quot;animation&quot;:&quot;fadeIn&quot;}\">\n\t\t\t\t\t\t\t<div class=\"elementor-background-overlay\"><\/div>\n\t\t\t\t\t\t\t<div class=\"elementor-container elementor-column-gap-wider\">\n\t\t\t\t\t<div class=\"elementor-column elementor-col-100 elementor-top-column elementor-element elementor-element-4a2d9ce\" data-id=\"4a2d9ce\" data-element_type=\"column\" data-e-type=\"column\" data-settings=\"{&quot;background_background&quot;:&quot;classic&quot;}\">\n\t\t\t<div class=\"elementor-widget-wrap elementor-element-populated\">\n\t\t\t\t\t\t<div class=\"elementor-element elementor-element-becd1bb elementor-invisible elementor-widget elementor-widget-heading\" data-id=\"becd1bb\" data-element_type=\"widget\" data-e-type=\"widget\" data-settings=\"{&quot;_animation&quot;:&quot;fadeInDown&quot;}\" data-widget_type=\"heading.default\">\n\t\t\t\t<div class=\"elementor-widget-container\">\n\t\t\t\t\t<h1 class=\"elementor-heading-title elementor-size-default\">Soluciones <span style=\"color: var(--e-global-color-primary )\">digitales<\/span><\/h1>\t\t\t\t<\/div>\n\t\t\t\t<\/div>\n\t\t\t\t<div class=\"elementor-element elementor-element-b4ce4e8 elementor-icon-list--layout-inline elementor-align-center elementor-widget__width-auto elementor-list-item-link-full_width elementor-invisible elementor-widget elementor-widget-icon-list\" data-id=\"b4ce4e8\" data-element_type=\"widget\" data-e-type=\"widget\" data-settings=\"{&quot;_animation&quot;:&quot;fadeIn&quot;,&quot;_animation_delay&quot;:200}\" data-widget_type=\"icon-list.default\">\n\t\t\t\t<div class=\"elementor-widget-container\">\n\t\t\t\t\t\t\t<ul class=\"elementor-icon-list-items elementor-inline-items\">\n\t\t\t\t\t\t\t<li class=\"elementor-icon-list-item elementor-inline-item\">\n\t\t\t\t\t\t\t\t\t\t\t<a href=\"https:\/\/domspain.eu\/es\/\">\n\n\t\t\t\t\t\t\t\t\t\t\t<span class=\"elementor-icon-list-text\">Home<\/span>\n\t\t\t\t\t\t\t\t\t\t\t<\/a>\n\t\t\t\t\t\t\t\t\t<\/li>\n\t\t\t\t\t\t<\/ul>\n\t\t\t\t\t\t<\/div>\n\t\t\t\t<\/div>\n\t\t\t\t<div class=\"elementor-element elementor-element-a2c7d55 elementor-icon-list--layout-inline elementor-align-center elementor-widget__width-auto elementor-list-item-link-full_width elementor-invisible elementor-widget elementor-widget-icon-list\" data-id=\"a2c7d55\" data-element_type=\"widget\" data-e-type=\"widget\" data-settings=\"{&quot;_animation&quot;:&quot;fadeIn&quot;,&quot;_animation_delay&quot;:200}\" data-widget_type=\"icon-list.default\">\n\t\t\t\t<div class=\"elementor-widget-container\">\n\t\t\t\t\t\t\t<ul class=\"elementor-icon-list-items elementor-inline-items\">\n\t\t\t\t\t\t\t<li class=\"elementor-icon-list-item elementor-inline-item\">\n\t\t\t\t\t\t\t\t\t\t<span class=\"elementor-icon-list-text\"><\/span>\n\t\t\t\t\t\t\t\t\t<\/li>\n\t\t\t\t\t\t<\/ul>\n\t\t\t\t\t\t<\/div>\n\t\t\t\t<\/div>\n\t\t\t\t\t<\/div>\n\t\t<\/div>\n\t\t\t\t\t<\/div>\n\t\t<\/section>\n\t\t\t\t<section class=\"elementor-section elementor-top-section elementor-element elementor-element-d25384e elementor-section-full_width elementor-section-height-default elementor-section-height-default\" data-id=\"d25384e\" data-element_type=\"section\" data-e-type=\"section\" data-settings=\"{&quot;jet_parallax_layout_list&quot;:[]}\">\n\t\t\t\t\t\t<div class=\"elementor-container elementor-column-gap-no\">\n\t\t\t\t\t<div class=\"elementor-column elementor-col-100 elementor-top-column elementor-element elementor-element-c004f42\" data-id=\"c004f42\" data-element_type=\"column\" data-e-type=\"column\">\n\t\t\t<div class=\"elementor-widget-wrap elementor-element-populated\">\n\t\t\t\t\t\t<section class=\"elementor-section elementor-inner-section elementor-element elementor-element-42e126a elementor-section-boxed elementor-section-height-default elementor-section-height-default\" data-id=\"42e126a\" data-element_type=\"section\" data-e-type=\"section\" data-settings=\"{&quot;jet_parallax_layout_list&quot;:[]}\">\n\t\t\t\t\t\t<div class=\"elementor-container elementor-column-gap-wider\">\n\t\t\t\t\t<div class=\"elementor-column elementor-col-50 elementor-inner-column elementor-element elementor-element-f0cc50e\" data-id=\"f0cc50e\" data-element_type=\"column\" data-e-type=\"column\">\n\t\t\t<div class=\"elementor-widget-wrap elementor-element-populated\">\n\t\t\t\t\t\t<div class=\"elementor-element elementor-element-bacdab2 elementor-invisible elementor-widget elementor-widget-text-editor\" data-id=\"bacdab2\" data-element_type=\"widget\" data-e-type=\"widget\" data-settings=\"{&quot;_animation&quot;:&quot;fadeIn&quot;,&quot;_animation_delay&quot;:200}\" data-widget_type=\"text-editor.default\">\n\t\t\t\t<div class=\"elementor-widget-container\">\n\t\t\t\t\t\t\t\t\t<p><span style=\"font-weight: 400;\">DomSpain es un proveedor de soluciones digitales. Estamos especializados en proporcionar soluciones digitales para optimizar y simplificar los procesos de tu negocio, con el objetivo de mejorar la eficiencia y productividad de tu organizaci\u00f3n.<\/span><\/p><p><span style=\"font-weight: 400;\">Nuestros servicios incluyen consultor\u00eda tecnol\u00f3gica, desarrollo de software y soluciones de automatizaci\u00f3n adaptadas a las necesidades y objetivos de nuestros clientes. Trabajamos estrechamente contigo para entender tu negocio y ofrecer soluciones personalizadas que satisfagan tus necesidades espec\u00edficas.<\/span><\/p><p><span style=\"font-weight: 400;\">En DomSpain, nuestra misi\u00f3n es proporcionar soluciones digitales de gran calidad que te ahorren tiempo y aumenten la eficiencia de tus actividades. Nuestro equipo de expertos en tecnolog\u00eda est\u00e1 altamente cualificado y tiene experiencia en el desarrollo de soluciones digitales de vanguardia que mejorar\u00e1n tu negocio.<\/span><\/p><p><span style=\"font-weight: 400;\">Conf\u00eda en DomSpain para optimizar los procesos de tu negocio y alcanzar tus objetivos empresariales. Ponte en contacto con nosotros hoy mismo para descubrir m\u00e1s sobre nuestros servicios y c\u00f3mo podemos ayudarte.<\/span><\/p>\t\t\t\t\t\t\t\t<\/div>\n\t\t\t\t<\/div>\n\t\t\t\t\t<\/div>\n\t\t<\/div>\n\t\t\t\t<div class=\"elementor-column elementor-col-50 elementor-inner-column elementor-element elementor-element-8a2107b\" data-id=\"8a2107b\" data-element_type=\"column\" data-e-type=\"column\">\n\t\t\t<div class=\"elementor-widget-wrap elementor-element-populated\">\n\t\t\t\t\t\t<div class=\"elementor-element elementor-element-2ef37c3 elementor-invisible elementor-widget elementor-widget-image\" data-id=\"2ef37c3\" data-element_type=\"widget\" data-e-type=\"widget\" data-settings=\"{&quot;_animation&quot;:&quot;fadeInRight&quot;,&quot;_animation_delay&quot;:100}\" data-widget_type=\"image.default\">\n\t\t\t\t<div class=\"elementor-widget-container\">\n\t\t\t\t\t\t\t\t\t\t\t\t\t\t\t<img fetchpriority=\"high\" decoding=\"async\" width=\"800\" height=\"534\" src=\"https:\/\/domspain.eu\/wp-content\/uploads\/computer-code-on-screen-2021-08-27-21-25-17-utc-1024x683.jpg\" class=\"attachment-large size-large wp-image-5198\" alt=\"\" srcset=\"https:\/\/domspain.eu\/wp-content\/uploads\/computer-code-on-screen-2021-08-27-21-25-17-utc-1024x683.jpg 1024w, https:\/\/domspain.eu\/wp-content\/uploads\/computer-code-on-screen-2021-08-27-21-25-17-utc-300x200.jpg 300w, https:\/\/domspain.eu\/wp-content\/uploads\/computer-code-on-screen-2021-08-27-21-25-17-utc-768x512.jpg 768w, https:\/\/domspain.eu\/wp-content\/uploads\/computer-code-on-screen-2021-08-27-21-25-17-utc-1536x1024.jpg 1536w, https:\/\/domspain.eu\/wp-content\/uploads\/computer-code-on-screen-2021-08-27-21-25-17-utc-2048x1365.jpg 2048w\" sizes=\"(max-width: 800px) 100vw, 800px\" \/>\t\t\t\t\t\t\t\t\t\t\t\t\t\t\t<\/div>\n\t\t\t\t<\/div>\n\t\t\t\t<div class=\"elementor-element elementor-element-37f5572 elementor-invisible elementor-widget elementor-widget-image\" data-id=\"37f5572\" data-element_type=\"widget\" data-e-type=\"widget\" data-settings=\"{&quot;_animation&quot;:&quot;fadeInRight&quot;,&quot;_animation_delay&quot;:200}\" data-widget_type=\"image.default\">\n\t\t\t\t<div class=\"elementor-widget-container\">\n\t\t\t\t\t\t\t\t\t\t\t\t\t\t\t<img decoding=\"async\" width=\"800\" height=\"534\" src=\"https:\/\/domspain.eu\/wp-content\/uploads\/startup-business-people-group-working-as-team-to-1024x683.jpg\" class=\"attachment-large size-large wp-image-5616\" alt=\"\" srcset=\"https:\/\/domspain.eu\/wp-content\/uploads\/startup-business-people-group-working-as-team-to-1024x683.jpg 1024w, https:\/\/domspain.eu\/wp-content\/uploads\/startup-business-people-group-working-as-team-to-300x200.jpg 300w, https:\/\/domspain.eu\/wp-content\/uploads\/startup-business-people-group-working-as-team-to-768x513.jpg 768w, https:\/\/domspain.eu\/wp-content\/uploads\/startup-business-people-group-working-as-team-to.jpg 1500w\" sizes=\"(max-width: 800px) 100vw, 800px\" \/>\t\t\t\t\t\t\t\t\t\t\t\t\t\t\t<\/div>\n\t\t\t\t<\/div>\n\t\t\t\t\t<\/div>\n\t\t<\/div>\n\t\t\t\t\t<\/div>\n\t\t<\/section>\n\t\t\t\t\t<\/div>\n\t\t<\/div>\n\t\t\t\t\t<\/div>\n\t\t<\/section>\n\t\t\t\t<\/div>\n\t\t","protected":false},"excerpt":{"rendered":"<p>Soluciones digitales Home DomSpain es un proveedor de soluciones digitales. Estamos especializados en proporcionar soluciones digitales para optimizar y simplificar los procesos de tu negocio, con el objetivo de mejorar la eficiencia y productividad de tu organizaci\u00f3n. Nuestros servicios incluyen consultor\u00eda tecnol\u00f3gica, desarrollo de software y soluciones de automatizaci\u00f3n adaptadas a las necesidades y objetivos [&hellip;]<\/p>\n","protected":false},"author":18,"featured_media":0,"parent":0,"menu_order":0,"comment_status":"closed","ping_status":"closed","template":"","meta":{"footnotes":""},"class_list":["post-7988","page","type-page","status-publish","hentry"],"_links":{"self":[{"href":"https:\/\/domspain.eu\/es\/wp-json\/wp\/v2\/pages\/7988","targetHints":{"allow":["GET"]}}],"collection":[{"href":"https:\/\/domspain.eu\/es\/wp-json\/wp\/v2\/pages"}],"about":[{"href":"https:\/\/domspain.eu\/es\/wp-json\/wp\/v2\/types\/page"}],"author":[{"embeddable":true,"href":"https:\/\/domspain.eu\/es\/wp-json\/wp\/v2\/users\/18"}],"replies":[{"embeddable":true,"href":"https:\/\/domspain.eu\/es\/wp-json\/wp\/v2\/comments?post=7988"}],"version-history":[{"count":10,"href":"https:\/\/domspain.eu\/es\/wp-json\/wp\/v2\/pages\/7988\/revisions"}],"predecessor-version":[{"id":8181,"href":"https:\/\/domspain.eu\/es\/wp-json\/wp\/v2\/pages\/7988\/revisions\/8181"}],"wp:attachment":[{"href":"https:\/\/domspain.eu\/es\/wp-json\/wp\/v2\/media?parent=7988"}],"curies":[{"name":"wp","href":"https:\/\/api.w.org\/{rel}","templated":true}]}}