{"id":7984,"date":"2023-02-08T02:27:02","date_gmt":"2023-02-08T01:27:02","guid":{"rendered":"https:\/\/domspain.eu\/?page_id=7984"},"modified":"2024-07-19T11:22:37","modified_gmt":"2024-07-19T09:22:37","slug":"promocion-del-territorio","status":"publish","type":"page","link":"https:\/\/domspain.eu\/es\/promocion-del-territorio\/","title":{"rendered":"Promoci\u00f3n del territorio"},"content":{"rendered":"\t\t<div data-elementor-type=\"wp-page\" data-elementor-id=\"7984\" class=\"elementor elementor-7984 elementor-34\" data-elementor-post-type=\"page\">\n\t\t\t\t\t\t<section class=\"elementor-section elementor-top-section elementor-element elementor-element-759e969 animated-fast elementor-section-boxed elementor-section-height-default elementor-section-height-default elementor-invisible\" data-id=\"759e969\" data-element_type=\"section\" data-e-type=\"section\" data-settings=\"{&quot;background_background&quot;:&quot;classic&quot;,&quot;jet_parallax_layout_list&quot;:[],&quot;animation&quot;:&quot;fadeIn&quot;}\">\n\t\t\t\t\t\t\t<div class=\"elementor-background-overlay\"><\/div>\n\t\t\t\t\t\t\t<div class=\"elementor-container elementor-column-gap-wider\">\n\t\t\t\t\t<div class=\"elementor-column elementor-col-100 elementor-top-column elementor-element elementor-element-6352f82\" data-id=\"6352f82\" data-element_type=\"column\" data-e-type=\"column\" data-settings=\"{&quot;background_background&quot;:&quot;classic&quot;}\">\n\t\t\t<div class=\"elementor-widget-wrap elementor-element-populated\">\n\t\t\t\t\t\t<div class=\"elementor-element elementor-element-452e8aa elementor-invisible elementor-widget elementor-widget-heading\" data-id=\"452e8aa\" data-element_type=\"widget\" data-e-type=\"widget\" data-settings=\"{&quot;_animation&quot;:&quot;fadeInDown&quot;}\" data-widget_type=\"heading.default\">\n\t\t\t\t<div class=\"elementor-widget-container\">\n\t\t\t\t\t<h1 class=\"elementor-heading-title elementor-size-default\">Promoci\u00f3n <span style=\"color: var(--e-global-color-primary )\">del territorio<\/span><\/h1>\t\t\t\t<\/div>\n\t\t\t\t<\/div>\n\t\t\t\t<div class=\"elementor-element elementor-element-7d62f0b elementor-icon-list--layout-inline elementor-align-center elementor-widget__width-auto elementor-list-item-link-full_width elementor-invisible elementor-widget elementor-widget-icon-list\" data-id=\"7d62f0b\" data-element_type=\"widget\" data-e-type=\"widget\" data-settings=\"{&quot;_animation&quot;:&quot;fadeIn&quot;,&quot;_animation_delay&quot;:200}\" data-widget_type=\"icon-list.default\">\n\t\t\t\t<div class=\"elementor-widget-container\">\n\t\t\t\t\t\t\t<ul class=\"elementor-icon-list-items elementor-inline-items\">\n\t\t\t\t\t\t\t<li class=\"elementor-icon-list-item elementor-inline-item\">\n\t\t\t\t\t\t\t\t\t\t\t<a href=\"https:\/\/domspain.eu\/es\/\">\n\n\t\t\t\t\t\t\t\t\t\t\t<span class=\"elementor-icon-list-text\">Home<\/span>\n\t\t\t\t\t\t\t\t\t\t\t<\/a>\n\t\t\t\t\t\t\t\t\t<\/li>\n\t\t\t\t\t\t<\/ul>\n\t\t\t\t\t\t<\/div>\n\t\t\t\t<\/div>\n\t\t\t\t<div class=\"elementor-element elementor-element-09250c6 elementor-icon-list--layout-inline elementor-align-center elementor-widget__width-auto elementor-list-item-link-full_width elementor-invisible elementor-widget elementor-widget-icon-list\" data-id=\"09250c6\" data-element_type=\"widget\" data-e-type=\"widget\" data-settings=\"{&quot;_animation&quot;:&quot;fadeIn&quot;,&quot;_animation_delay&quot;:200}\" data-widget_type=\"icon-list.default\">\n\t\t\t\t<div class=\"elementor-widget-container\">\n\t\t\t\t\t\t\t<ul class=\"elementor-icon-list-items elementor-inline-items\">\n\t\t\t\t\t\t\t<li class=\"elementor-icon-list-item elementor-inline-item\">\n\t\t\t\t\t\t\t\t\t\t<span class=\"elementor-icon-list-text\"><\/span>\n\t\t\t\t\t\t\t\t\t<\/li>\n\t\t\t\t\t\t<\/ul>\n\t\t\t\t\t\t<\/div>\n\t\t\t\t<\/div>\n\t\t\t\t\t<\/div>\n\t\t<\/div>\n\t\t\t\t\t<\/div>\n\t\t<\/section>\n\t\t\t\t<section class=\"elementor-section elementor-top-section elementor-element elementor-element-b076196 elementor-section-full_width elementor-section-height-default elementor-section-height-default\" data-id=\"b076196\" data-element_type=\"section\" data-e-type=\"section\" data-settings=\"{&quot;jet_parallax_layout_list&quot;:[]}\">\n\t\t\t\t\t\t<div class=\"elementor-container elementor-column-gap-no\">\n\t\t\t\t\t<div class=\"elementor-column elementor-col-100 elementor-top-column elementor-element elementor-element-8b703e2\" data-id=\"8b703e2\" data-element_type=\"column\" data-e-type=\"column\">\n\t\t\t<div class=\"elementor-widget-wrap elementor-element-populated\">\n\t\t\t\t\t\t<section class=\"elementor-section elementor-inner-section elementor-element elementor-element-0725e47 elementor-section-boxed elementor-section-height-default elementor-section-height-default\" data-id=\"0725e47\" data-element_type=\"section\" data-e-type=\"section\" data-settings=\"{&quot;jet_parallax_layout_list&quot;:[]}\">\n\t\t\t\t\t\t<div class=\"elementor-container elementor-column-gap-wider\">\n\t\t\t\t\t<div class=\"elementor-column elementor-col-50 elementor-inner-column elementor-element elementor-element-23a5eb5\" data-id=\"23a5eb5\" data-element_type=\"column\" data-e-type=\"column\">\n\t\t\t<div class=\"elementor-widget-wrap elementor-element-populated\">\n\t\t\t\t\t\t<div class=\"elementor-element elementor-element-7ad129e elementor-invisible elementor-widget elementor-widget-text-editor\" data-id=\"7ad129e\" data-element_type=\"widget\" data-e-type=\"widget\" data-settings=\"{&quot;_animation&quot;:&quot;fadeIn&quot;,&quot;_animation_delay&quot;:200}\" data-widget_type=\"text-editor.default\">\n\t\t\t\t<div class=\"elementor-widget-container\">\n\t\t\t\t\t\t\t\t\t<p><span style=\"font-weight: 400;\">Nos apasiona fomentar las conexiones sociales y culturales en la regi\u00f3n. Creemos que la cultura desempe\u00f1a un papel crucial en la formaci\u00f3n de nuestra sociedad y que debe celebrarse y compartirse. A trav\u00e9s de nuestras diversas actividades y eventos, pretendemos reforzar los v\u00ednculos a nivel local y fomentar la colaboraci\u00f3n entre empresas y organizaciones para apoyar el desarrollo econ\u00f3mico y social de la regi\u00f3n.<\/span><\/p><p><span style=\"font-weight: 400;\">En nuestras iniciativas de promoci\u00f3n de la zona, trabajamos con socios locales para desarrollar y aplicar estrategias que fomenten el patrimonio cultural, las tradiciones y los valores de la regi\u00f3n. Tambi\u00e9n impulsamos el intercambio cultural y el di\u00e1logo entre distintas comunidades, tanto a escala local como internacional, para crear comprensi\u00f3n y aprecio de las diferentes perspectivas.<\/span><\/p><p><span style=\"font-weight: 400;\">Desde exposiciones de arte y festivales culturales hasta talleres educativos y proyectos de participaci\u00f3n ciudadana, estamos comprometidos con el bienestar social y cultural de la regi\u00f3n. Creemos que nuestros esfuerzos por promover la cultura no s\u00f3lo ayudan a preservar nuestro patrimonio, sino que tambi\u00e9n contribuyen a una sociedad m\u00e1s din\u00e1mica y pr\u00f3spera.<\/span><\/p><p><span style=\"font-weight: 400;\">Para m\u00e1s informaci\u00f3n sobre nuestras iniciativas de promoci\u00f3n de la zona y sobre c\u00f3mo podemos celebrar y promover conjuntamente el rico patrimonio cultural de nuestra zona, ponte en contacto con nosotros hoy mismo.<\/span><\/p>\t\t\t\t\t\t\t\t<\/div>\n\t\t\t\t<\/div>\n\t\t\t\t\t<\/div>\n\t\t<\/div>\n\t\t\t\t<div class=\"elementor-column elementor-col-50 elementor-inner-column elementor-element elementor-element-dfbfca7\" data-id=\"dfbfca7\" data-element_type=\"column\" data-e-type=\"column\">\n\t\t\t<div class=\"elementor-widget-wrap elementor-element-populated\">\n\t\t\t\t\t\t<div class=\"elementor-element elementor-element-d04362e elementor-invisible elementor-widget elementor-widget-image\" data-id=\"d04362e\" data-element_type=\"widget\" data-e-type=\"widget\" data-settings=\"{&quot;_animation&quot;:&quot;fadeInRight&quot;,&quot;_animation_delay&quot;:100}\" data-widget_type=\"image.default\">\n\t\t\t\t<div class=\"elementor-widget-container\">\n\t\t\t\t\t\t\t\t\t\t\t\t\t\t\t<img fetchpriority=\"high\" decoding=\"async\" width=\"800\" height=\"598\" src=\"https:\/\/domspain.eu\/wp-content\/uploads\/1695389929889-1024x766.jpg\" class=\"attachment-large size-large wp-image-9899\" alt=\"\" srcset=\"https:\/\/domspain.eu\/wp-content\/uploads\/1695389929889-1024x766.jpg 1024w, https:\/\/domspain.eu\/wp-content\/uploads\/1695389929889-300x224.jpg 300w, https:\/\/domspain.eu\/wp-content\/uploads\/1695389929889-768x574.jpg 768w, https:\/\/domspain.eu\/wp-content\/uploads\/1695389929889-1536x1149.jpg 1536w, https:\/\/domspain.eu\/wp-content\/uploads\/1695389929889-2048x1532.jpg 2048w\" sizes=\"(max-width: 800px) 100vw, 800px\" \/>\t\t\t\t\t\t\t\t\t\t\t\t\t\t\t<\/div>\n\t\t\t\t<\/div>\n\t\t\t\t<div class=\"elementor-element elementor-element-f146fdf elementor-invisible elementor-widget elementor-widget-image\" data-id=\"f146fdf\" data-element_type=\"widget\" data-e-type=\"widget\" data-settings=\"{&quot;_animation&quot;:&quot;fadeInRight&quot;,&quot;_animation_delay&quot;:200}\" data-widget_type=\"image.default\">\n\t\t\t\t<div class=\"elementor-widget-container\">\n\t\t\t\t\t\t\t\t\t\t\t\t\t\t\t<img decoding=\"async\" width=\"800\" height=\"600\" src=\"https:\/\/domspain.eu\/wp-content\/uploads\/IMG_5932-1024x768.jpeg\" class=\"attachment-large size-large wp-image-9902\" alt=\"\" srcset=\"https:\/\/domspain.eu\/wp-content\/uploads\/IMG_5932-1024x768.jpeg 1024w, https:\/\/domspain.eu\/wp-content\/uploads\/IMG_5932-300x225.jpeg 300w, https:\/\/domspain.eu\/wp-content\/uploads\/IMG_5932-768x576.jpeg 768w, https:\/\/domspain.eu\/wp-content\/uploads\/IMG_5932-1536x1152.jpeg 1536w, https:\/\/domspain.eu\/wp-content\/uploads\/IMG_5932.jpeg 2048w\" sizes=\"(max-width: 800px) 100vw, 800px\" \/>\t\t\t\t\t\t\t\t\t\t\t\t\t\t\t<\/div>\n\t\t\t\t<\/div>\n\t\t\t\t\t<\/div>\n\t\t<\/div>\n\t\t\t\t\t<\/div>\n\t\t<\/section>\n\t\t\t\t\t<\/div>\n\t\t<\/div>\n\t\t\t\t\t<\/div>\n\t\t<\/section>\n\t\t\t\t<\/div>\n\t\t","protected":false},"excerpt":{"rendered":"<p>Promoci\u00f3n del territorio Home Nos apasiona fomentar las conexiones sociales y culturales en la regi\u00f3n. Creemos que la cultura desempe\u00f1a un papel crucial en la formaci\u00f3n de nuestra sociedad y que debe celebrarse y compartirse. A trav\u00e9s de nuestras diversas actividades y eventos, pretendemos reforzar los v\u00ednculos a nivel local y fomentar la colaboraci\u00f3n entre [&hellip;]<\/p>\n","protected":false},"author":18,"featured_media":0,"parent":0,"menu_order":0,"comment_status":"closed","ping_status":"closed","template":"","meta":{"footnotes":""},"class_list":["post-7984","page","type-page","status-publish","hentry"],"_links":{"self":[{"href":"https:\/\/domspain.eu\/es\/wp-json\/wp\/v2\/pages\/7984","targetHints":{"allow":["GET"]}}],"collection":[{"href":"https:\/\/domspain.eu\/es\/wp-json\/wp\/v2\/pages"}],"about":[{"href":"https:\/\/domspain.eu\/es\/wp-json\/wp\/v2\/types\/page"}],"author":[{"embeddable":true,"href":"https:\/\/domspain.eu\/es\/wp-json\/wp\/v2\/users\/18"}],"replies":[{"embeddable":true,"href":"https:\/\/domspain.eu\/es\/wp-json\/wp\/v2\/comments?post=7984"}],"version-history":[{"count":16,"href":"https:\/\/domspain.eu\/es\/wp-json\/wp\/v2\/pages\/7984\/revisions"}],"predecessor-version":[{"id":9909,"href":"https:\/\/domspain.eu\/es\/wp-json\/wp\/v2\/pages\/7984\/revisions\/9909"}],"wp:attachment":[{"href":"https:\/\/domspain.eu\/es\/wp-json\/wp\/v2\/media?parent=7984"}],"curies":[{"name":"wp","href":"https:\/\/api.w.org\/{rel}","templated":true}]}}