{"id":7969,"date":"2023-02-08T02:26:18","date_gmt":"2023-02-08T01:26:18","guid":{"rendered":"https:\/\/domspain.eu\/?page_id=7969"},"modified":"2024-07-23T08:28:31","modified_gmt":"2024-07-23T06:28:31","slug":"gestion-de-proyectos","status":"publish","type":"page","link":"https:\/\/domspain.eu\/es\/gestion-de-proyectos\/","title":{"rendered":"Gesti\u00f3n de proyectos"},"content":{"rendered":"\t\t<div data-elementor-type=\"wp-page\" data-elementor-id=\"7969\" class=\"elementor elementor-7969 elementor-28\" data-elementor-post-type=\"page\">\n\t\t\t\t\t\t<section class=\"elementor-section elementor-top-section elementor-element elementor-element-2e82d6f4 animated-fast elementor-section-boxed elementor-section-height-default elementor-section-height-default elementor-invisible\" data-id=\"2e82d6f4\" data-element_type=\"section\" data-e-type=\"section\" data-settings=\"{&quot;background_background&quot;:&quot;classic&quot;,&quot;jet_parallax_layout_list&quot;:[],&quot;animation&quot;:&quot;fadeIn&quot;}\">\n\t\t\t\t\t\t\t<div class=\"elementor-background-overlay\"><\/div>\n\t\t\t\t\t\t\t<div class=\"elementor-container elementor-column-gap-wider\">\n\t\t\t\t\t<div class=\"elementor-column elementor-col-100 elementor-top-column elementor-element elementor-element-69b7eb0\" data-id=\"69b7eb0\" data-element_type=\"column\" data-e-type=\"column\" data-settings=\"{&quot;background_background&quot;:&quot;classic&quot;}\">\n\t\t\t<div class=\"elementor-widget-wrap elementor-element-populated\">\n\t\t\t\t\t\t<div class=\"elementor-element elementor-element-a3c138c elementor-invisible elementor-widget elementor-widget-heading\" data-id=\"a3c138c\" data-element_type=\"widget\" data-e-type=\"widget\" data-settings=\"{&quot;_animation&quot;:&quot;fadeInDown&quot;}\" data-widget_type=\"heading.default\">\n\t\t\t\t<div class=\"elementor-widget-container\">\n\t\t\t\t\t<h1 class=\"elementor-heading-title elementor-size-default\">Gesti\u00f3n <span style=\"color: var(--e-global-color-primary )\">de proyectos <\/span><\/h1>\t\t\t\t<\/div>\n\t\t\t\t<\/div>\n\t\t\t\t<div class=\"elementor-element elementor-element-50abe38e elementor-icon-list--layout-inline elementor-align-center elementor-widget__width-auto elementor-list-item-link-full_width elementor-invisible elementor-widget elementor-widget-icon-list\" data-id=\"50abe38e\" data-element_type=\"widget\" data-e-type=\"widget\" data-settings=\"{&quot;_animation&quot;:&quot;fadeIn&quot;,&quot;_animation_delay&quot;:200}\" data-widget_type=\"icon-list.default\">\n\t\t\t\t<div class=\"elementor-widget-container\">\n\t\t\t\t\t\t\t<ul class=\"elementor-icon-list-items elementor-inline-items\">\n\t\t\t\t\t\t\t<li class=\"elementor-icon-list-item elementor-inline-item\">\n\t\t\t\t\t\t\t\t\t\t\t<a href=\"https:\/\/domspain.eu\/es\/\">\n\n\t\t\t\t\t\t\t\t\t\t\t<span class=\"elementor-icon-list-text\">Home<\/span>\n\t\t\t\t\t\t\t\t\t\t\t<\/a>\n\t\t\t\t\t\t\t\t\t<\/li>\n\t\t\t\t\t\t<\/ul>\n\t\t\t\t\t\t<\/div>\n\t\t\t\t<\/div>\n\t\t\t\t<div class=\"elementor-element elementor-element-73346ad7 elementor-icon-list--layout-inline elementor-align-center elementor-widget__width-auto elementor-list-item-link-full_width elementor-invisible elementor-widget elementor-widget-icon-list\" data-id=\"73346ad7\" data-element_type=\"widget\" data-e-type=\"widget\" data-settings=\"{&quot;_animation&quot;:&quot;fadeIn&quot;,&quot;_animation_delay&quot;:200}\" data-widget_type=\"icon-list.default\">\n\t\t\t\t<div class=\"elementor-widget-container\">\n\t\t\t\t\t\t\t<ul class=\"elementor-icon-list-items elementor-inline-items\">\n\t\t\t\t\t\t\t<li class=\"elementor-icon-list-item elementor-inline-item\">\n\t\t\t\t\t\t\t\t\t\t<span class=\"elementor-icon-list-text\"><\/span>\n\t\t\t\t\t\t\t\t\t<\/li>\n\t\t\t\t\t\t<\/ul>\n\t\t\t\t\t\t<\/div>\n\t\t\t\t<\/div>\n\t\t\t\t\t<\/div>\n\t\t<\/div>\n\t\t\t\t\t<\/div>\n\t\t<\/section>\n\t\t\t\t<section class=\"elementor-section elementor-top-section elementor-element elementor-element-9244c6d elementor-section-full_width elementor-section-height-default elementor-section-height-default\" data-id=\"9244c6d\" data-element_type=\"section\" data-e-type=\"section\" data-settings=\"{&quot;jet_parallax_layout_list&quot;:[]}\">\n\t\t\t\t\t\t<div class=\"elementor-container elementor-column-gap-no\">\n\t\t\t\t\t<div class=\"elementor-column elementor-col-100 elementor-top-column elementor-element elementor-element-ca3522d\" data-id=\"ca3522d\" data-element_type=\"column\" data-e-type=\"column\">\n\t\t\t<div class=\"elementor-widget-wrap elementor-element-populated\">\n\t\t\t\t\t\t<section class=\"elementor-section elementor-inner-section elementor-element elementor-element-da70c10 elementor-section-boxed elementor-section-height-default elementor-section-height-default\" data-id=\"da70c10\" data-element_type=\"section\" data-e-type=\"section\" data-settings=\"{&quot;jet_parallax_layout_list&quot;:[]}\">\n\t\t\t\t\t\t<div class=\"elementor-container elementor-column-gap-wider\">\n\t\t\t\t\t<div class=\"elementor-column elementor-col-50 elementor-inner-column elementor-element elementor-element-3e804c5\" data-id=\"3e804c5\" data-element_type=\"column\" data-e-type=\"column\">\n\t\t\t<div class=\"elementor-widget-wrap elementor-element-populated\">\n\t\t\t\t\t\t<div class=\"elementor-element elementor-element-31da93a elementor-hidden-desktop elementor-hidden-tablet elementor-hidden-mobile elementor-invisible elementor-widget elementor-widget-heading\" data-id=\"31da93a\" data-element_type=\"widget\" data-e-type=\"widget\" data-settings=\"{&quot;_animation&quot;:&quot;fadeInDown&quot;}\" data-widget_type=\"heading.default\">\n\t\t\t\t<div class=\"elementor-widget-container\">\n\t\t\t\t\t<span class=\"elementor-heading-title elementor-size-default\">Learn more<\/span>\t\t\t\t<\/div>\n\t\t\t\t<\/div>\n\t\t\t\t<div class=\"elementor-element elementor-element-4974148 elementor-hidden-desktop elementor-hidden-tablet elementor-hidden-mobile elementor-invisible elementor-widget elementor-widget-heading\" data-id=\"4974148\" data-element_type=\"widget\" data-e-type=\"widget\" data-settings=\"{&quot;_animation&quot;:&quot;fadeInDown&quot;}\" data-widget_type=\"heading.default\">\n\t\t\t\t<div class=\"elementor-widget-container\">\n\t\t\t\t\t<h2 class=\"elementor-heading-title elementor-size-default\">Project<span style=\"color: var(--e-global-color-primary )\"> Management<\/span>\n<\/h2>\t\t\t\t<\/div>\n\t\t\t\t<\/div>\n\t\t\t\t<div class=\"elementor-element elementor-element-cf9c416 elementor-invisible elementor-widget elementor-widget-text-editor\" data-id=\"cf9c416\" data-element_type=\"widget\" data-e-type=\"widget\" data-settings=\"{&quot;_animation&quot;:&quot;fadeIn&quot;,&quot;_animation_delay&quot;:200}\" data-widget_type=\"text-editor.default\">\n\t\t\t\t<div class=\"elementor-widget-container\">\n\t\t\t\t\t\t\t\t\t<p><span style=\"font-weight: 400;\">DOMSPAIN ofrece servicios especializados de gesti\u00f3n de proyectos nacionales e internacionales. Nuestro experimentado y dedicado equipo es capaz de planificar, supervisar y gestionar proyectos de distintos tipos y alcances para garantizar su finalizaci\u00f3n a tiempo y la satisfacci\u00f3n del cliente.<\/span><\/p><p><span style=\"font-weight: 400;\">Nuestros servicios de gesti\u00f3n de proyectos est\u00e1n disponibles tanto para el sector p\u00fablico como para el privado, a escala local y regional. Trabajamos en estrecha colaboraci\u00f3n con nuestros clientes para garantizar que los objetivos se definan y alcancen con claridad, sin perder de vista la rentabilidad y la eficiencia.<\/span><\/p><p><span style=\"font-weight: 400;\">Si necesitas ayuda con la planificaci\u00f3n, ejecuci\u00f3n o gesti\u00f3n de proyectos, DOMSPAIN puede ayudarte. Ponte en contacto con nosotros hoy mismo para obtener m\u00e1s informaci\u00f3n sobre nuestros servicios de gesti\u00f3n de proyectos y averiguar c\u00f3mo podemos ayudar a tu empresa<\/span><\/p>\t\t\t\t\t\t\t\t<\/div>\n\t\t\t\t<\/div>\n\t\t\t\t\t<\/div>\n\t\t<\/div>\n\t\t\t\t<div class=\"elementor-column elementor-col-50 elementor-inner-column elementor-element elementor-element-8dd8798\" data-id=\"8dd8798\" data-element_type=\"column\" data-e-type=\"column\">\n\t\t\t<div class=\"elementor-widget-wrap elementor-element-populated\">\n\t\t\t\t\t\t<div class=\"elementor-element elementor-element-6791916 elementor-invisible elementor-widget elementor-widget-image\" data-id=\"6791916\" data-element_type=\"widget\" data-e-type=\"widget\" data-settings=\"{&quot;_animation&quot;:&quot;fadeInRight&quot;,&quot;_animation_delay&quot;:100}\" data-widget_type=\"image.default\">\n\t\t\t\t<div class=\"elementor-widget-container\">\n\t\t\t\t\t\t\t\t\t\t\t\t\t\t\t<img fetchpriority=\"high\" decoding=\"async\" width=\"800\" height=\"600\" src=\"https:\/\/domspain.eu\/wp-content\/uploads\/IMG_4059-1.jpg\" class=\"attachment-large size-large wp-image-9983\" alt=\"\" srcset=\"https:\/\/domspain.eu\/wp-content\/uploads\/IMG_4059-1.jpg 836w, https:\/\/domspain.eu\/wp-content\/uploads\/IMG_4059-1-300x225.jpg 300w, https:\/\/domspain.eu\/wp-content\/uploads\/IMG_4059-1-768x576.jpg 768w\" sizes=\"(max-width: 800px) 100vw, 800px\" \/>\t\t\t\t\t\t\t\t\t\t\t\t\t\t\t<\/div>\n\t\t\t\t<\/div>\n\t\t\t\t<div class=\"elementor-element elementor-element-180b85e elementor-invisible elementor-widget elementor-widget-image\" data-id=\"180b85e\" data-element_type=\"widget\" data-e-type=\"widget\" data-settings=\"{&quot;_animation&quot;:&quot;fadeInRight&quot;,&quot;_animation_delay&quot;:200}\" data-widget_type=\"image.default\">\n\t\t\t\t<div class=\"elementor-widget-container\">\n\t\t\t\t\t\t\t\t\t\t\t\t\t\t\t<img decoding=\"async\" width=\"800\" height=\"600\" src=\"https:\/\/domspain.eu\/wp-content\/uploads\/image00013-1024x768.jpeg\" class=\"attachment-large size-large wp-image-9931\" alt=\"\" srcset=\"https:\/\/domspain.eu\/wp-content\/uploads\/image00013-1024x768.jpeg 1024w, https:\/\/domspain.eu\/wp-content\/uploads\/image00013-300x225.jpeg 300w, https:\/\/domspain.eu\/wp-content\/uploads\/image00013-768x576.jpeg 768w, https:\/\/domspain.eu\/wp-content\/uploads\/image00013-1536x1152.jpeg 1536w, https:\/\/domspain.eu\/wp-content\/uploads\/image00013-2048x1536.jpeg 2048w\" sizes=\"(max-width: 800px) 100vw, 800px\" \/>\t\t\t\t\t\t\t\t\t\t\t\t\t\t\t<\/div>\n\t\t\t\t<\/div>\n\t\t\t\t\t<\/div>\n\t\t<\/div>\n\t\t\t\t\t<\/div>\n\t\t<\/section>\n\t\t\t\t\t<\/div>\n\t\t<\/div>\n\t\t\t\t\t<\/div>\n\t\t<\/section>\n\t\t\t\t<\/div>\n\t\t","protected":false},"excerpt":{"rendered":"<p>Gesti\u00f3n de proyectos Home Learn more Project Management DOMSPAIN ofrece servicios especializados de gesti\u00f3n de proyectos nacionales e internacionales. Nuestro experimentado y dedicado equipo es capaz de planificar, supervisar y gestionar proyectos de distintos tipos y alcances para garantizar su finalizaci\u00f3n a tiempo y la satisfacci\u00f3n del cliente. Nuestros servicios de gesti\u00f3n de proyectos est\u00e1n [&hellip;]<\/p>\n","protected":false},"author":18,"featured_media":0,"parent":0,"menu_order":0,"comment_status":"closed","ping_status":"closed","template":"","meta":{"footnotes":""},"class_list":["post-7969","page","type-page","status-publish","hentry"],"_links":{"self":[{"href":"https:\/\/domspain.eu\/es\/wp-json\/wp\/v2\/pages\/7969","targetHints":{"allow":["GET"]}}],"collection":[{"href":"https:\/\/domspain.eu\/es\/wp-json\/wp\/v2\/pages"}],"about":[{"href":"https:\/\/domspain.eu\/es\/wp-json\/wp\/v2\/types\/page"}],"author":[{"embeddable":true,"href":"https:\/\/domspain.eu\/es\/wp-json\/wp\/v2\/users\/18"}],"replies":[{"embeddable":true,"href":"https:\/\/domspain.eu\/es\/wp-json\/wp\/v2\/comments?post=7969"}],"version-history":[{"count":13,"href":"https:\/\/domspain.eu\/es\/wp-json\/wp\/v2\/pages\/7969\/revisions"}],"predecessor-version":[{"id":9988,"href":"https:\/\/domspain.eu\/es\/wp-json\/wp\/v2\/pages\/7969\/revisions\/9988"}],"wp:attachment":[{"href":"https:\/\/domspain.eu\/es\/wp-json\/wp\/v2\/media?parent=7969"}],"curies":[{"name":"wp","href":"https:\/\/api.w.org\/{rel}","templated":true}]}}