{"id":7948,"date":"2023-02-08T02:26:00","date_gmt":"2023-02-08T01:26:00","guid":{"rendered":"https:\/\/domspain.eu\/?page_id=7948"},"modified":"2025-07-30T09:20:28","modified_gmt":"2025-07-30T07:20:28","slug":"nuestra-historia","status":"publish","type":"page","link":"https:\/\/domspain.eu\/es\/nuestra-historia\/","title":{"rendered":"Nuestra historia"},"content":{"rendered":"\t\t<div data-elementor-type=\"wp-page\" data-elementor-id=\"7948\" class=\"elementor elementor-7948 elementor-24\" data-elementor-post-type=\"page\">\n\t\t\t\t\t\t<section class=\"elementor-section elementor-top-section elementor-element elementor-element-b71fedd animated-fast elementor-section-boxed elementor-section-height-default elementor-section-height-default elementor-invisible\" data-id=\"b71fedd\" data-element_type=\"section\" data-e-type=\"section\" data-settings=\"{&quot;background_background&quot;:&quot;classic&quot;,&quot;jet_parallax_layout_list&quot;:[],&quot;animation&quot;:&quot;fadeIn&quot;}\">\n\t\t\t\t\t\t\t<div class=\"elementor-background-overlay\"><\/div>\n\t\t\t\t\t\t\t<div class=\"elementor-container elementor-column-gap-wider\">\n\t\t\t\t\t<div class=\"elementor-column elementor-col-100 elementor-top-column elementor-element elementor-element-f39cad1\" data-id=\"f39cad1\" data-element_type=\"column\" data-e-type=\"column\" data-settings=\"{&quot;background_background&quot;:&quot;classic&quot;}\">\n\t\t\t<div class=\"elementor-widget-wrap elementor-element-populated\">\n\t\t\t\t\t\t<div class=\"elementor-element elementor-element-e62a9f4 elementor-invisible elementor-widget elementor-widget-heading\" data-id=\"e62a9f4\" data-element_type=\"widget\" data-e-type=\"widget\" data-settings=\"{&quot;_animation&quot;:&quot;fadeInDown&quot;}\" data-widget_type=\"heading.default\">\n\t\t\t\t<div class=\"elementor-widget-container\">\n\t\t\t\t\t<h1 class=\"elementor-heading-title elementor-size-default\">Nuestra<span style=\"color: var(--e-global-color-primary )\"> Historia<\/span><\/h1>\t\t\t\t<\/div>\n\t\t\t\t<\/div>\n\t\t\t\t<div class=\"elementor-element elementor-element-8b9cbd3 elementor-icon-list--layout-inline elementor-align-center elementor-widget__width-auto elementor-list-item-link-full_width elementor-invisible elementor-widget elementor-widget-icon-list\" data-id=\"8b9cbd3\" data-element_type=\"widget\" data-e-type=\"widget\" data-settings=\"{&quot;_animation&quot;:&quot;fadeIn&quot;,&quot;_animation_delay&quot;:200}\" data-widget_type=\"icon-list.default\">\n\t\t\t\t<div class=\"elementor-widget-container\">\n\t\t\t\t\t\t\t<ul class=\"elementor-icon-list-items elementor-inline-items\">\n\t\t\t\t\t\t\t<li class=\"elementor-icon-list-item elementor-inline-item\">\n\t\t\t\t\t\t\t\t\t\t\t<a href=\"https:\/\/domspain.eu\/es\/\">\n\n\t\t\t\t\t\t\t\t\t\t\t<span class=\"elementor-icon-list-text\">Inicio<\/span>\n\t\t\t\t\t\t\t\t\t\t\t<\/a>\n\t\t\t\t\t\t\t\t\t<\/li>\n\t\t\t\t\t\t<\/ul>\n\t\t\t\t\t\t<\/div>\n\t\t\t\t<\/div>\n\t\t\t\t<div class=\"elementor-element elementor-element-df211b6 elementor-icon-list--layout-inline elementor-align-center elementor-widget__width-auto elementor-list-item-link-full_width elementor-invisible elementor-widget elementor-widget-icon-list\" data-id=\"df211b6\" data-element_type=\"widget\" data-e-type=\"widget\" data-settings=\"{&quot;_animation&quot;:&quot;fadeIn&quot;,&quot;_animation_delay&quot;:200}\" data-widget_type=\"icon-list.default\">\n\t\t\t\t<div class=\"elementor-widget-container\">\n\t\t\t\t\t\t\t<ul class=\"elementor-icon-list-items elementor-inline-items\">\n\t\t\t\t\t\t\t<li class=\"elementor-icon-list-item elementor-inline-item\">\n\t\t\t\t\t\t\t\t\t\t<span class=\"elementor-icon-list-text\"><\/span>\n\t\t\t\t\t\t\t\t\t<\/li>\n\t\t\t\t\t\t<\/ul>\n\t\t\t\t\t\t<\/div>\n\t\t\t\t<\/div>\n\t\t\t\t\t<\/div>\n\t\t<\/div>\n\t\t\t\t\t<\/div>\n\t\t<\/section>\n\t\t\t\t<section class=\"elementor-section elementor-top-section elementor-element elementor-element-40fddb9 elementor-section-full_width elementor-section-height-default elementor-section-height-default\" data-id=\"40fddb9\" data-element_type=\"section\" data-e-type=\"section\" data-settings=\"{&quot;jet_parallax_layout_list&quot;:[]}\">\n\t\t\t\t\t\t<div class=\"elementor-container elementor-column-gap-no\">\n\t\t\t\t\t<div class=\"elementor-column elementor-col-100 elementor-top-column elementor-element elementor-element-e17a2b4\" data-id=\"e17a2b4\" data-element_type=\"column\" data-e-type=\"column\">\n\t\t\t<div class=\"elementor-widget-wrap elementor-element-populated\">\n\t\t\t\t\t\t<section class=\"elementor-section elementor-inner-section elementor-element elementor-element-bb57a83 elementor-section-boxed elementor-section-height-default elementor-section-height-default\" data-id=\"bb57a83\" data-element_type=\"section\" data-e-type=\"section\" data-settings=\"{&quot;jet_parallax_layout_list&quot;:[]}\">\n\t\t\t\t\t\t<div class=\"elementor-container elementor-column-gap-wider\">\n\t\t\t\t\t<div class=\"elementor-column elementor-col-50 elementor-inner-column elementor-element elementor-element-51868c1\" data-id=\"51868c1\" data-element_type=\"column\" data-e-type=\"column\">\n\t\t\t<div class=\"elementor-widget-wrap elementor-element-populated\">\n\t\t\t\t\t\t<div class=\"elementor-element elementor-element-fdc2237 elementor-invisible elementor-widget elementor-widget-text-editor\" data-id=\"fdc2237\" data-element_type=\"widget\" data-e-type=\"widget\" data-settings=\"{&quot;_animation&quot;:&quot;fadeIn&quot;,&quot;_animation_delay&quot;:200}\" data-widget_type=\"text-editor.default\">\n\t\t\t\t<div class=\"elementor-widget-container\">\n\t\t\t\t\t\t\t\t\t<p><span style=\"font-weight: 400;\">DomSpain es un <\/span><b>centro din\u00e1mico de educaci\u00f3n y formaci\u00f3n<\/b><span style=\"font-weight: 400;\"> que opera a nivel <\/span><b>nacional e internacional.<\/b><span style=\"font-weight: 400;\"> Fundado en 2008 por un grupo de educadores apasionados, creemos que el aprendizaje es una experiencia que trasciende los l\u00edmites de la educaci\u00f3n formal. Hoy nos sentimos orgullosos de contar con una red de <\/span><b>formadores, profesores, alumnos<\/b><span style=\"font-weight: 400;\"> y profesionales que comparten la visi\u00f3n de la educaci\u00f3n como un viaje <\/span><b>continuo, a lo largo de toda la vida<\/b><span style=\"font-weight: 400;\"> y accesible para todos. Descubre c\u00f3mo podemos ayudarte a alcanzar tus objetivos de desarrollo personal y profesional.<\/span><\/p><p data-start=\"65\" data-end=\"460\">Ofrecemos una variedad de servicios no solo a nuestra comunidad m\u00e1s cercana, sino tambi\u00e9n a los sectores p\u00fablicos y privados a nivel nacional e internacional; siempre con la visi\u00f3n de empoderar a las personas y organizaciones para adquirir las habilidades, competencias y conocimientos necesarios que les permitan encontrar los recursos para alcanzar sus aspiraciones personales o profesionales.<\/p><p data-start=\"462\" data-end=\"875\">Con ese fin, hemos establecido un centro de formaci\u00f3n local que ofrece cursos presenciales y en l\u00ednea. Nuestro equipo est\u00e1 compuesto por m\u00e1s de 40 profesionales entre educadores, psic\u00f3logos, trabajadores sociales y juveniles, traductores y expertos en TIC. Anualmente, involucramos en nuestras actividades formativas a m\u00e1s de 1.400 estudiantes en toda la provincia y a alrededor de 200 aprendices internacionales.<\/p>\t\t\t\t\t\t\t\t<\/div>\n\t\t\t\t<\/div>\n\t\t\t\t\t<\/div>\n\t\t<\/div>\n\t\t\t\t<div class=\"elementor-column elementor-col-50 elementor-inner-column elementor-element elementor-element-778a415\" data-id=\"778a415\" data-element_type=\"column\" data-e-type=\"column\">\n\t\t\t<div class=\"elementor-widget-wrap elementor-element-populated\">\n\t\t\t\t\t\t<div class=\"elementor-element elementor-element-87bcd81 elementor-invisible elementor-widget elementor-widget-image\" data-id=\"87bcd81\" data-element_type=\"widget\" data-e-type=\"widget\" data-settings=\"{&quot;_animation&quot;:&quot;fadeInRight&quot;,&quot;_animation_delay&quot;:100}\" data-widget_type=\"image.default\">\n\t\t\t\t<div class=\"elementor-widget-container\">\n\t\t\t\t\t\t\t\t\t\t\t\t\t\t\t<img fetchpriority=\"high\" decoding=\"async\" width=\"800\" height=\"600\" src=\"https:\/\/domspain.eu\/wp-content\/uploads\/IMG_4335-1024x768.jpeg\" class=\"attachment-large size-large wp-image-9966\" alt=\"\" srcset=\"https:\/\/domspain.eu\/wp-content\/uploads\/IMG_4335-1024x768.jpeg 1024w, https:\/\/domspain.eu\/wp-content\/uploads\/IMG_4335-300x225.jpeg 300w, https:\/\/domspain.eu\/wp-content\/uploads\/IMG_4335-768x576.jpeg 768w, https:\/\/domspain.eu\/wp-content\/uploads\/IMG_4335-1536x1152.jpeg 1536w, https:\/\/domspain.eu\/wp-content\/uploads\/IMG_4335.jpeg 2048w\" sizes=\"(max-width: 800px) 100vw, 800px\" \/>\t\t\t\t\t\t\t\t\t\t\t\t\t\t\t<\/div>\n\t\t\t\t<\/div>\n\t\t\t\t<div class=\"elementor-element elementor-element-98c630d elementor-invisible elementor-widget elementor-widget-image\" data-id=\"98c630d\" data-element_type=\"widget\" data-e-type=\"widget\" data-settings=\"{&quot;_animation&quot;:&quot;fadeInRight&quot;,&quot;_animation_delay&quot;:200}\" data-widget_type=\"image.default\">\n\t\t\t\t<div class=\"elementor-widget-container\">\n\t\t\t\t\t\t\t\t\t\t\t\t\t\t\t<img decoding=\"async\" width=\"800\" height=\"534\" src=\"https:\/\/domspain.eu\/wp-content\/uploads\/IMG_2191-1024x683.jpg\" class=\"attachment-large size-large wp-image-9846\" alt=\"\" srcset=\"https:\/\/domspain.eu\/wp-content\/uploads\/IMG_2191-1024x683.jpg 1024w, https:\/\/domspain.eu\/wp-content\/uploads\/IMG_2191-300x200.jpg 300w, https:\/\/domspain.eu\/wp-content\/uploads\/IMG_2191-768x512.jpg 768w, https:\/\/domspain.eu\/wp-content\/uploads\/IMG_2191-1536x1024.jpg 1536w, https:\/\/domspain.eu\/wp-content\/uploads\/IMG_2191-2048x1365.jpg 2048w\" sizes=\"(max-width: 800px) 100vw, 800px\" \/>\t\t\t\t\t\t\t\t\t\t\t\t\t\t\t<\/div>\n\t\t\t\t<\/div>\n\t\t\t\t\t<\/div>\n\t\t<\/div>\n\t\t\t\t\t<\/div>\n\t\t<\/section>\n\t\t\t\t<section class=\"elementor-section elementor-inner-section elementor-element elementor-element-bdb8b7c elementor-section-boxed elementor-section-height-default elementor-section-height-default\" data-id=\"bdb8b7c\" data-element_type=\"section\" data-e-type=\"section\" data-settings=\"{&quot;jet_parallax_layout_list&quot;:[]}\">\n\t\t\t\t\t\t<div class=\"elementor-container elementor-column-gap-wider\">\n\t\t\t\t\t<div class=\"elementor-column elementor-col-100 elementor-inner-column elementor-element elementor-element-53ccc85\" data-id=\"53ccc85\" data-element_type=\"column\" data-e-type=\"column\">\n\t\t\t<div class=\"elementor-widget-wrap elementor-element-populated\">\n\t\t\t\t\t\t<div class=\"elementor-element elementor-element-3e05d5a elementor-invisible elementor-widget elementor-widget-text-editor\" data-id=\"3e05d5a\" data-element_type=\"widget\" data-e-type=\"widget\" data-settings=\"{&quot;_animation&quot;:&quot;fadeIn&quot;,&quot;_animation_delay&quot;:200}\" data-widget_type=\"text-editor.default\">\n\t\t\t\t<div class=\"elementor-widget-container\">\n\t\t\t\t\t\t\t\t\t<p data-start=\"151\" data-end=\"249\"><strong data-start=\"151\" data-end=\"249\">Nuestro Departamento de Formaci\u00f3n desarrolla programas educativos en cuatro \u00e1reas principales:<\/strong><\/p><ul data-start=\"251\" data-end=\"1098\"><li data-start=\"251\" data-end=\"383\"><p data-start=\"253\" data-end=\"383\"><strong data-start=\"253\" data-end=\"275\">Cursos y talleres:<\/strong> dirigidos a personas adultas, en idiomas extranjeros, TIC, cocina, danza y clases de desarrollo personal.<\/p><\/li><li data-start=\"384\" data-end=\"493\"><p data-start=\"386\" data-end=\"493\"><strong data-start=\"386\" data-end=\"412\">Formaci\u00f3n Profesional:<\/strong> en TIC, idiomas extranjeros, empleabilidad y aprendizaje basado en el trabajo.<\/p><\/li><\/ul><p data-start=\"496\" data-end=\"664\">Somos un centro acreditado de consultor\u00eda, selecci\u00f3n y formaci\u00f3n que coordina movilidades e internados a nivel local, nacional e internacional para estudiantes de FP.<\/p><ul data-start=\"251\" data-end=\"1098\"><li data-start=\"665\" data-end=\"852\"><p data-start=\"667\" data-end=\"852\"><strong data-start=\"667\" data-end=\"697\">Formaci\u00f3n para educadores:<\/strong> centrada en la mejora de sus competencias en lenguas extranjeras, el uso de herramientas digitales, nuevos m\u00e9todos de ense\u00f1anza y aprendizaje combinado.<\/p><\/li><li data-start=\"853\" data-end=\"1098\"><p data-start=\"855\" data-end=\"1098\"><strong data-start=\"855\" data-end=\"889\">Actividades extracurriculares:<\/strong> dirigidas a ni\u00f1os en edad escolar y a sus padres, incluyen idiomas extranjeros, rob\u00f3tica, programaci\u00f3n, seguridad en internet y apoyo educativo a ni\u00f1os, adolescentes y adultos con dificultades de aprendizaje.<\/p><\/li><\/ul><p data-start=\"1105\" data-end=\"1127\"><strong data-start=\"1105\" data-end=\"1127\">Programaci\u00f3n y TIC<\/strong><\/p><p data-start=\"1129\" data-end=\"1343\">Dise\u00f1amos, producimos e implementamos una amplia gama de soluciones digitales, principalmente en el \u00e1mbito educativo: plataformas de e-learning, aplicaciones m\u00f3viles, juegos educativos, bases de datos, entre otros.<\/p><p data-start=\"1345\" data-end=\"1784\">A lo largo de los a\u00f1os, hemos formado un equipo s\u00f3lido especializado en la protecci\u00f3n de infraestructuras tecnol\u00f3gicas. Ofrecemos a organizaciones, empresas, entidades p\u00fablicas y otros organismos soluciones integrales que les ayudan a garantizar la seguridad cibern\u00e9tica. Tambi\u00e9n proporcionamos orientaci\u00f3n y apoyo a centros educativos, entidades p\u00fablicas, empresas sociales y ONGs en la digitalizaci\u00f3n de sus procesos de trabajo internos.<\/p><p data-start=\"1791\" data-end=\"1834\"><strong data-start=\"1791\" data-end=\"1834\">Desarrollo de Proyectos Internacionales<\/strong><\/p><p data-start=\"1836\" data-end=\"2255\">Contamos con una amplia experiencia en el acceso, gesti\u00f3n, implementaci\u00f3n y seguimiento de proyectos financiados por la Uni\u00f3n Europea. Coordinamos pr\u00e1cticas, pasant\u00edas y movilidades tanto de personal como de estudiantes de Formaci\u00f3n Profesional en los \u00e1mbitos del turismo, restauraci\u00f3n, biolog\u00eda, audiovisuales, mec\u00e1nica, accesibilidad, marketing, administraci\u00f3n y finanzas, educaci\u00f3n no formal e informal, entre otros.<\/p><p data-start=\"2262\" data-end=\"2291\"><strong data-start=\"2262\" data-end=\"2291\">Desarrollo de Capacidades<\/strong><\/p><p data-start=\"2293\" data-end=\"2591\">Nos enfocamos en fortalecer las capacidades de peque\u00f1as empresas y organizaciones, as\u00ed como en el voluntariado y el trabajo en cuestiones sociales. Involucramos en nuestras actividades a todos los miembros de la comunidad, incluidos empleadores y representantes gubernamentales a todos los niveles.<\/p>\t\t\t\t\t\t\t\t<\/div>\n\t\t\t\t<\/div>\n\t\t\t\t\t<\/div>\n\t\t<\/div>\n\t\t\t\t\t<\/div>\n\t\t<\/section>\n\t\t\t\t\t<\/div>\n\t\t<\/div>\n\t\t\t\t\t<\/div>\n\t\t<\/section>\n\t\t\t\t<\/div>\n\t\t","protected":false},"excerpt":{"rendered":"<p>Nuestra Historia Inicio DomSpain es un centro din\u00e1mico de educaci\u00f3n y formaci\u00f3n que opera a nivel nacional e internacional. Fundado en 2008 por un grupo de educadores apasionados, creemos que el aprendizaje es una experiencia que trasciende los l\u00edmites de la educaci\u00f3n formal. Hoy nos sentimos orgullosos de contar con una red de formadores, profesores, [&hellip;]<\/p>\n","protected":false},"author":18,"featured_media":0,"parent":0,"menu_order":0,"comment_status":"closed","ping_status":"closed","template":"","meta":{"footnotes":""},"class_list":["post-7948","page","type-page","status-publish","hentry"],"_links":{"self":[{"href":"https:\/\/domspain.eu\/es\/wp-json\/wp\/v2\/pages\/7948","targetHints":{"allow":["GET"]}}],"collection":[{"href":"https:\/\/domspain.eu\/es\/wp-json\/wp\/v2\/pages"}],"about":[{"href":"https:\/\/domspain.eu\/es\/wp-json\/wp\/v2\/types\/page"}],"author":[{"embeddable":true,"href":"https:\/\/domspain.eu\/es\/wp-json\/wp\/v2\/users\/18"}],"replies":[{"embeddable":true,"href":"https:\/\/domspain.eu\/es\/wp-json\/wp\/v2\/comments?post=7948"}],"version-history":[{"count":20,"href":"https:\/\/domspain.eu\/es\/wp-json\/wp\/v2\/pages\/7948\/revisions"}],"predecessor-version":[{"id":11553,"href":"https:\/\/domspain.eu\/es\/wp-json\/wp\/v2\/pages\/7948\/revisions\/11553"}],"wp:attachment":[{"href":"https:\/\/domspain.eu\/es\/wp-json\/wp\/v2\/media?parent=7948"}],"curies":[{"name":"wp","href":"https:\/\/api.w.org\/{rel}","templated":true}]}}