{"id":7987,"date":"2023-02-08T02:26:49","date_gmt":"2023-02-08T01:26:49","guid":{"rendered":"https:\/\/domspain.eu\/?page_id=7987"},"modified":"2023-05-04T10:55:32","modified_gmt":"2023-05-04T08:55:32","slug":"solucions-digitals","status":"publish","type":"page","link":"https:\/\/domspain.eu\/ca\/solucions-digitals\/","title":{"rendered":"Solucions digitals"},"content":{"rendered":"\t\t<div data-elementor-type=\"wp-page\" data-elementor-id=\"7987\" class=\"elementor elementor-7987 elementor-32\" data-elementor-post-type=\"page\">\n\t\t\t\t\t\t<section class=\"elementor-section elementor-top-section elementor-element elementor-element-2ab00c0 animated-fast elementor-section-boxed elementor-section-height-default elementor-section-height-default elementor-invisible\" data-id=\"2ab00c0\" data-element_type=\"section\" data-e-type=\"section\" data-settings=\"{&quot;background_background&quot;:&quot;classic&quot;,&quot;jet_parallax_layout_list&quot;:[],&quot;animation&quot;:&quot;fadeIn&quot;}\">\n\t\t\t\t\t\t\t<div class=\"elementor-background-overlay\"><\/div>\n\t\t\t\t\t\t\t<div class=\"elementor-container elementor-column-gap-wider\">\n\t\t\t\t\t<div class=\"elementor-column elementor-col-100 elementor-top-column elementor-element elementor-element-4a2d9ce\" data-id=\"4a2d9ce\" data-element_type=\"column\" data-e-type=\"column\" data-settings=\"{&quot;background_background&quot;:&quot;classic&quot;}\">\n\t\t\t<div class=\"elementor-widget-wrap elementor-element-populated\">\n\t\t\t\t\t\t<div class=\"elementor-element elementor-element-becd1bb elementor-invisible elementor-widget elementor-widget-heading\" data-id=\"becd1bb\" data-element_type=\"widget\" data-e-type=\"widget\" data-settings=\"{&quot;_animation&quot;:&quot;fadeInDown&quot;}\" data-widget_type=\"heading.default\">\n\t\t\t\t<div class=\"elementor-widget-container\">\n\t\t\t\t\t<h1 class=\"elementor-heading-title elementor-size-default\">Solucions <span style=\"color: var(--e-global-color-primary )\">digitals<\/span><\/h1>\t\t\t\t<\/div>\n\t\t\t\t<\/div>\n\t\t\t\t<div class=\"elementor-element elementor-element-b4ce4e8 elementor-icon-list--layout-inline elementor-align-center elementor-widget__width-auto elementor-list-item-link-full_width elementor-invisible elementor-widget elementor-widget-icon-list\" data-id=\"b4ce4e8\" data-element_type=\"widget\" data-e-type=\"widget\" data-settings=\"{&quot;_animation&quot;:&quot;fadeIn&quot;,&quot;_animation_delay&quot;:200}\" data-widget_type=\"icon-list.default\">\n\t\t\t\t<div class=\"elementor-widget-container\">\n\t\t\t\t\t\t\t<ul class=\"elementor-icon-list-items elementor-inline-items\">\n\t\t\t\t\t\t\t<li class=\"elementor-icon-list-item elementor-inline-item\">\n\t\t\t\t\t\t\t\t\t\t\t<a href=\"https:\/\/domspain.eu\/ca\/\">\n\n\t\t\t\t\t\t\t\t\t\t\t<span class=\"elementor-icon-list-text\">Home<\/span>\n\t\t\t\t\t\t\t\t\t\t\t<\/a>\n\t\t\t\t\t\t\t\t\t<\/li>\n\t\t\t\t\t\t<\/ul>\n\t\t\t\t\t\t<\/div>\n\t\t\t\t<\/div>\n\t\t\t\t<div class=\"elementor-element elementor-element-a2c7d55 elementor-icon-list--layout-inline elementor-align-center elementor-widget__width-auto elementor-list-item-link-full_width elementor-invisible elementor-widget elementor-widget-icon-list\" data-id=\"a2c7d55\" data-element_type=\"widget\" data-e-type=\"widget\" data-settings=\"{&quot;_animation&quot;:&quot;fadeIn&quot;,&quot;_animation_delay&quot;:200}\" data-widget_type=\"icon-list.default\">\n\t\t\t\t<div class=\"elementor-widget-container\">\n\t\t\t\t\t\t\t<ul class=\"elementor-icon-list-items elementor-inline-items\">\n\t\t\t\t\t\t\t<li class=\"elementor-icon-list-item elementor-inline-item\">\n\t\t\t\t\t\t\t\t\t\t<span class=\"elementor-icon-list-text\"><\/span>\n\t\t\t\t\t\t\t\t\t<\/li>\n\t\t\t\t\t\t<\/ul>\n\t\t\t\t\t\t<\/div>\n\t\t\t\t<\/div>\n\t\t\t\t\t<\/div>\n\t\t<\/div>\n\t\t\t\t\t<\/div>\n\t\t<\/section>\n\t\t\t\t<section class=\"elementor-section elementor-top-section elementor-element elementor-element-d25384e elementor-section-full_width elementor-section-height-default elementor-section-height-default\" data-id=\"d25384e\" data-element_type=\"section\" data-e-type=\"section\" data-settings=\"{&quot;jet_parallax_layout_list&quot;:[]}\">\n\t\t\t\t\t\t<div class=\"elementor-container elementor-column-gap-no\">\n\t\t\t\t\t<div class=\"elementor-column elementor-col-100 elementor-top-column elementor-element elementor-element-c004f42\" data-id=\"c004f42\" data-element_type=\"column\" data-e-type=\"column\">\n\t\t\t<div class=\"elementor-widget-wrap elementor-element-populated\">\n\t\t\t\t\t\t<section class=\"elementor-section elementor-inner-section elementor-element elementor-element-42e126a elementor-section-boxed elementor-section-height-default elementor-section-height-default\" data-id=\"42e126a\" data-element_type=\"section\" data-e-type=\"section\" data-settings=\"{&quot;jet_parallax_layout_list&quot;:[]}\">\n\t\t\t\t\t\t<div class=\"elementor-container elementor-column-gap-wider\">\n\t\t\t\t\t<div class=\"elementor-column elementor-col-50 elementor-inner-column elementor-element elementor-element-f0cc50e\" data-id=\"f0cc50e\" data-element_type=\"column\" data-e-type=\"column\">\n\t\t\t<div class=\"elementor-widget-wrap elementor-element-populated\">\n\t\t\t\t\t\t<div class=\"elementor-element elementor-element-bacdab2 elementor-invisible elementor-widget elementor-widget-text-editor\" data-id=\"bacdab2\" data-element_type=\"widget\" data-e-type=\"widget\" data-settings=\"{&quot;_animation&quot;:&quot;fadeIn&quot;,&quot;_animation_delay&quot;:200}\" data-widget_type=\"text-editor.default\">\n\t\t\t\t<div class=\"elementor-widget-container\">\n\t\t\t\t\t\t\t\t\t<p>DomSpain \u00e9s un prove\u00efdor de solucions digitals. Estem especialitzats en proporcionar solucions digitals per optimitzar i simplificar els processos del teu negoci, amb l&#8217;objectiu de millorar l&#8217;efici\u00e8ncia i productivitat de la teva organitzaci\u00f3.<\/p><p>Els nostres serveis inclouen consultoria tecnol\u00f2gica, desenvolupament de software i solucions d&#8217;automatitzaci\u00f3 adaptades a les necessitats i objectius dels nostres clients. Treballem estretament amb tu per entendre el teu negoci i oferir solucions personalitzades que satisfacin les teves necessitats espec\u00edfiques.<\/p><p>A DomSpain, la nostra missi\u00f3 \u00e9s proporcionar solucions digitals de gran qualitat que et permetin estalviar temps i augmentar l&#8217;efici\u00e8ncia de les teves activitats. El nostre equip d&#8217;experts en tecnologia est\u00e0 altament qualificat i t\u00e9 experi\u00e8ncia en el desenvolupament de solucions digitals de \u00faltima generaci\u00f3 que milloraran el teu negoci.<\/p><p>Confia en DomSpain per optimitzar els processos del teu negoci i assolir els teus objectius empresarials. Poseu-vos en contacte amb nosaltres avui mateix per descobrir m\u00e9s sobre els nostres serveis i com podem ajudar-te.<\/p>\t\t\t\t\t\t\t\t<\/div>\n\t\t\t\t<\/div>\n\t\t\t\t\t<\/div>\n\t\t<\/div>\n\t\t\t\t<div class=\"elementor-column elementor-col-50 elementor-inner-column elementor-element elementor-element-8a2107b\" data-id=\"8a2107b\" data-element_type=\"column\" data-e-type=\"column\">\n\t\t\t<div class=\"elementor-widget-wrap elementor-element-populated\">\n\t\t\t\t\t\t<div class=\"elementor-element elementor-element-2ef37c3 elementor-invisible elementor-widget elementor-widget-image\" data-id=\"2ef37c3\" data-element_type=\"widget\" data-e-type=\"widget\" data-settings=\"{&quot;_animation&quot;:&quot;fadeInRight&quot;,&quot;_animation_delay&quot;:100}\" data-widget_type=\"image.default\">\n\t\t\t\t<div class=\"elementor-widget-container\">\n\t\t\t\t\t\t\t\t\t\t\t\t\t\t\t<img fetchpriority=\"high\" decoding=\"async\" width=\"800\" height=\"534\" src=\"https:\/\/domspain.eu\/wp-content\/uploads\/computer-code-on-screen-2021-08-27-21-25-17-utc-1024x683.jpg\" class=\"attachment-large size-large wp-image-5197\" alt=\"\" srcset=\"https:\/\/domspain.eu\/wp-content\/uploads\/computer-code-on-screen-2021-08-27-21-25-17-utc-1024x683.jpg 1024w, https:\/\/domspain.eu\/wp-content\/uploads\/computer-code-on-screen-2021-08-27-21-25-17-utc-300x200.jpg 300w, https:\/\/domspain.eu\/wp-content\/uploads\/computer-code-on-screen-2021-08-27-21-25-17-utc-768x512.jpg 768w, https:\/\/domspain.eu\/wp-content\/uploads\/computer-code-on-screen-2021-08-27-21-25-17-utc-1536x1024.jpg 1536w, https:\/\/domspain.eu\/wp-content\/uploads\/computer-code-on-screen-2021-08-27-21-25-17-utc-2048x1365.jpg 2048w\" sizes=\"(max-width: 800px) 100vw, 800px\" \/>\t\t\t\t\t\t\t\t\t\t\t\t\t\t\t<\/div>\n\t\t\t\t<\/div>\n\t\t\t\t<div class=\"elementor-element elementor-element-37f5572 elementor-invisible elementor-widget elementor-widget-image\" data-id=\"37f5572\" data-element_type=\"widget\" data-e-type=\"widget\" data-settings=\"{&quot;_animation&quot;:&quot;fadeInRight&quot;,&quot;_animation_delay&quot;:200}\" data-widget_type=\"image.default\">\n\t\t\t\t<div class=\"elementor-widget-container\">\n\t\t\t\t\t\t\t\t\t\t\t\t\t\t\t<img decoding=\"async\" width=\"800\" height=\"534\" src=\"https:\/\/domspain.eu\/wp-content\/uploads\/startup-business-people-group-working-as-team-to-1024x683.jpg\" class=\"attachment-large size-large wp-image-5615\" alt=\"\" srcset=\"https:\/\/domspain.eu\/wp-content\/uploads\/startup-business-people-group-working-as-team-to-1024x683.jpg 1024w, https:\/\/domspain.eu\/wp-content\/uploads\/startup-business-people-group-working-as-team-to-300x200.jpg 300w, https:\/\/domspain.eu\/wp-content\/uploads\/startup-business-people-group-working-as-team-to-768x513.jpg 768w, https:\/\/domspain.eu\/wp-content\/uploads\/startup-business-people-group-working-as-team-to.jpg 1500w\" sizes=\"(max-width: 800px) 100vw, 800px\" \/>\t\t\t\t\t\t\t\t\t\t\t\t\t\t\t<\/div>\n\t\t\t\t<\/div>\n\t\t\t\t\t<\/div>\n\t\t<\/div>\n\t\t\t\t\t<\/div>\n\t\t<\/section>\n\t\t\t\t\t<\/div>\n\t\t<\/div>\n\t\t\t\t\t<\/div>\n\t\t<\/section>\n\t\t\t\t<\/div>\n\t\t","protected":false},"excerpt":{"rendered":"<p>Solucions digitals Home DomSpain \u00e9s un prove\u00efdor de solucions digitals. Estem especialitzats en proporcionar solucions digitals per optimitzar i simplificar els processos del teu negoci, amb l&#8217;objectiu de millorar l&#8217;efici\u00e8ncia i productivitat de la teva organitzaci\u00f3. Els nostres serveis inclouen consultoria tecnol\u00f2gica, desenvolupament de software i solucions d&#8217;automatitzaci\u00f3 adaptades a les necessitats i objectius dels [&hellip;]<\/p>\n","protected":false},"author":18,"featured_media":0,"parent":0,"menu_order":0,"comment_status":"closed","ping_status":"closed","template":"","meta":{"footnotes":""},"class_list":["post-7987","page","type-page","status-publish","hentry"],"_links":{"self":[{"href":"https:\/\/domspain.eu\/ca\/wp-json\/wp\/v2\/pages\/7987","targetHints":{"allow":["GET"]}}],"collection":[{"href":"https:\/\/domspain.eu\/ca\/wp-json\/wp\/v2\/pages"}],"about":[{"href":"https:\/\/domspain.eu\/ca\/wp-json\/wp\/v2\/types\/page"}],"author":[{"embeddable":true,"href":"https:\/\/domspain.eu\/ca\/wp-json\/wp\/v2\/users\/18"}],"replies":[{"embeddable":true,"href":"https:\/\/domspain.eu\/ca\/wp-json\/wp\/v2\/comments?post=7987"}],"version-history":[{"count":10,"href":"https:\/\/domspain.eu\/ca\/wp-json\/wp\/v2\/pages\/7987\/revisions"}],"predecessor-version":[{"id":8202,"href":"https:\/\/domspain.eu\/ca\/wp-json\/wp\/v2\/pages\/7987\/revisions\/8202"}],"wp:attachment":[{"href":"https:\/\/domspain.eu\/ca\/wp-json\/wp\/v2\/media?parent=7987"}],"curies":[{"name":"wp","href":"https:\/\/api.w.org\/{rel}","templated":true}]}}