{"id":7971,"date":"2023-02-08T02:27:09","date_gmt":"2023-02-08T01:27:09","guid":{"rendered":"https:\/\/domspain.eu\/?page_id=7971"},"modified":"2024-07-23T08:58:10","modified_gmt":"2024-07-23T06:58:10","slug":"traduccions","status":"publish","type":"page","link":"https:\/\/domspain.eu\/ca\/traduccions\/","title":{"rendered":"Traduccions"},"content":{"rendered":"\t\t<div data-elementor-type=\"wp-page\" data-elementor-id=\"7971\" class=\"elementor elementor-7971 elementor-36\" data-elementor-post-type=\"page\">\n\t\t\t\t\t\t<section class=\"elementor-section elementor-top-section elementor-element elementor-element-ce9d268 animated-fast elementor-section-boxed elementor-section-height-default elementor-section-height-default elementor-invisible\" data-id=\"ce9d268\" data-element_type=\"section\" data-e-type=\"section\" data-settings=\"{&quot;background_background&quot;:&quot;classic&quot;,&quot;jet_parallax_layout_list&quot;:[],&quot;animation&quot;:&quot;fadeIn&quot;}\">\n\t\t\t\t\t\t\t<div class=\"elementor-background-overlay\"><\/div>\n\t\t\t\t\t\t\t<div class=\"elementor-container elementor-column-gap-wider\">\n\t\t\t\t\t<div class=\"elementor-column elementor-col-100 elementor-top-column elementor-element elementor-element-3c4bab4\" data-id=\"3c4bab4\" data-element_type=\"column\" data-e-type=\"column\" data-settings=\"{&quot;background_background&quot;:&quot;classic&quot;}\">\n\t\t\t<div class=\"elementor-widget-wrap elementor-element-populated\">\n\t\t\t\t\t\t<div class=\"elementor-element elementor-element-f3763e0 elementor-invisible elementor-widget elementor-widget-heading\" data-id=\"f3763e0\" data-element_type=\"widget\" data-e-type=\"widget\" data-settings=\"{&quot;_animation&quot;:&quot;fadeInDown&quot;}\" data-widget_type=\"heading.default\">\n\t\t\t\t<div class=\"elementor-widget-container\">\n\t\t\t\t\t<h1 class=\"elementor-heading-title elementor-size-default\">Traduccions <span style=\"color: var(--e-global-color-primary )\">professionals<\/span><\/h1>\t\t\t\t<\/div>\n\t\t\t\t<\/div>\n\t\t\t\t<div class=\"elementor-element elementor-element-7328ab7 elementor-icon-list--layout-inline elementor-align-center elementor-widget__width-auto elementor-list-item-link-full_width elementor-invisible elementor-widget elementor-widget-icon-list\" data-id=\"7328ab7\" data-element_type=\"widget\" data-e-type=\"widget\" data-settings=\"{&quot;_animation&quot;:&quot;fadeIn&quot;,&quot;_animation_delay&quot;:200}\" data-widget_type=\"icon-list.default\">\n\t\t\t\t<div class=\"elementor-widget-container\">\n\t\t\t\t\t\t\t<ul class=\"elementor-icon-list-items elementor-inline-items\">\n\t\t\t\t\t\t\t<li class=\"elementor-icon-list-item elementor-inline-item\">\n\t\t\t\t\t\t\t\t\t\t\t<a href=\"https:\/\/domspain.eu\/ca\/\">\n\n\t\t\t\t\t\t\t\t\t\t\t<span class=\"elementor-icon-list-text\">Home<\/span>\n\t\t\t\t\t\t\t\t\t\t\t<\/a>\n\t\t\t\t\t\t\t\t\t<\/li>\n\t\t\t\t\t\t<\/ul>\n\t\t\t\t\t\t<\/div>\n\t\t\t\t<\/div>\n\t\t\t\t<div class=\"elementor-element elementor-element-15ab812 elementor-icon-list--layout-inline elementor-align-center elementor-widget__width-auto elementor-list-item-link-full_width elementor-invisible elementor-widget elementor-widget-icon-list\" data-id=\"15ab812\" data-element_type=\"widget\" data-e-type=\"widget\" data-settings=\"{&quot;_animation&quot;:&quot;fadeIn&quot;,&quot;_animation_delay&quot;:200}\" data-widget_type=\"icon-list.default\">\n\t\t\t\t<div class=\"elementor-widget-container\">\n\t\t\t\t\t\t\t<ul class=\"elementor-icon-list-items elementor-inline-items\">\n\t\t\t\t\t\t\t<li class=\"elementor-icon-list-item elementor-inline-item\">\n\t\t\t\t\t\t\t\t\t\t<span class=\"elementor-icon-list-text\"><\/span>\n\t\t\t\t\t\t\t\t\t<\/li>\n\t\t\t\t\t\t<\/ul>\n\t\t\t\t\t\t<\/div>\n\t\t\t\t<\/div>\n\t\t\t\t\t<\/div>\n\t\t<\/div>\n\t\t\t\t\t<\/div>\n\t\t<\/section>\n\t\t\t\t<section class=\"elementor-section elementor-top-section elementor-element elementor-element-fe1f0d5 elementor-section-full_width elementor-section-height-default elementor-section-height-default\" data-id=\"fe1f0d5\" data-element_type=\"section\" data-e-type=\"section\" data-settings=\"{&quot;jet_parallax_layout_list&quot;:[]}\">\n\t\t\t\t\t\t<div class=\"elementor-container elementor-column-gap-no\">\n\t\t\t\t\t<div class=\"elementor-column elementor-col-100 elementor-top-column elementor-element elementor-element-d0b84bc\" data-id=\"d0b84bc\" data-element_type=\"column\" data-e-type=\"column\">\n\t\t\t<div class=\"elementor-widget-wrap elementor-element-populated\">\n\t\t\t\t\t\t<section class=\"elementor-section elementor-inner-section elementor-element elementor-element-2de14c0 elementor-section-boxed elementor-section-height-default elementor-section-height-default\" data-id=\"2de14c0\" data-element_type=\"section\" data-e-type=\"section\" data-settings=\"{&quot;jet_parallax_layout_list&quot;:[]}\">\n\t\t\t\t\t\t<div class=\"elementor-container elementor-column-gap-wider\">\n\t\t\t\t\t<div class=\"elementor-column elementor-col-50 elementor-inner-column elementor-element elementor-element-78a59b0\" data-id=\"78a59b0\" data-element_type=\"column\" data-e-type=\"column\">\n\t\t\t<div class=\"elementor-widget-wrap elementor-element-populated\">\n\t\t\t\t\t\t<div class=\"elementor-element elementor-element-bed6142 elementor-invisible elementor-widget elementor-widget-text-editor\" data-id=\"bed6142\" data-element_type=\"widget\" data-e-type=\"widget\" data-settings=\"{&quot;_animation&quot;:&quot;fadeIn&quot;,&quot;_animation_delay&quot;:200}\" data-widget_type=\"text-editor.default\">\n\t\t\t\t<div class=\"elementor-widget-container\">\n\t\t\t\t\t\t\t\t\t<p>A DomSpain sabem la import\u00e0ncia que t\u00e9 una comunicaci\u00f3 efica\u00e7 en un m\u00f3n globalitzat. Per aix\u00f2, oferim serveis de traducci\u00f3 professional per ajudar-te a arribar a un p\u00fablic m\u00e9s ampli en diferents idiomes.<\/p><p>El nostre equip de traductors experimentats est\u00e0 especialitzat en diferents \u00e0mbits i s&#8217;assegura que el missatge es reflecteixi amb precisi\u00f3 en l&#8217;idioma de dest\u00ed.<\/p><p>Posem gran \u00e8mfasi en la qualitat i precisi\u00f3 de cada traducci\u00f3, per la qual cosa pots estar segur que el teu missatge arribar\u00e0 al teu p\u00fablic de la millor manera possible. Per obtenir m\u00e9s informaci\u00f3 sobre els nostres serveis de traducci\u00f3, posa&#8217;t en contacte amb nosaltres avui mateix.<\/p>\t\t\t\t\t\t\t\t<\/div>\n\t\t\t\t<\/div>\n\t\t\t\t\t<\/div>\n\t\t<\/div>\n\t\t\t\t<div class=\"elementor-column elementor-col-50 elementor-inner-column elementor-element elementor-element-eed0e45\" data-id=\"eed0e45\" data-element_type=\"column\" data-e-type=\"column\">\n\t\t\t<div class=\"elementor-widget-wrap elementor-element-populated\">\n\t\t\t\t\t\t<div class=\"elementor-element elementor-element-9cd75b9 elementor-invisible elementor-widget elementor-widget-image\" data-id=\"9cd75b9\" data-element_type=\"widget\" data-e-type=\"widget\" data-settings=\"{&quot;_animation&quot;:&quot;fadeInRight&quot;,&quot;_animation_delay&quot;:100}\" data-widget_type=\"image.default\">\n\t\t\t\t<div class=\"elementor-widget-container\">\n\t\t\t\t\t\t\t\t\t\t\t\t\t\t\t<img fetchpriority=\"high\" decoding=\"async\" width=\"800\" height=\"600\" src=\"https:\/\/domspain.eu\/wp-content\/uploads\/image00009-1024x768.jpeg\" class=\"attachment-large size-large wp-image-10005\" alt=\"\" srcset=\"https:\/\/domspain.eu\/wp-content\/uploads\/image00009-1024x768.jpeg 1024w, https:\/\/domspain.eu\/wp-content\/uploads\/image00009-300x225.jpeg 300w, https:\/\/domspain.eu\/wp-content\/uploads\/image00009-768x576.jpeg 768w, https:\/\/domspain.eu\/wp-content\/uploads\/image00009-1536x1152.jpeg 1536w, https:\/\/domspain.eu\/wp-content\/uploads\/image00009-2048x1536.jpeg 2048w\" sizes=\"(max-width: 800px) 100vw, 800px\" \/>\t\t\t\t\t\t\t\t\t\t\t\t\t\t\t<\/div>\n\t\t\t\t<\/div>\n\t\t\t\t<div class=\"elementor-element elementor-element-b287a38 elementor-invisible elementor-widget elementor-widget-image\" data-id=\"b287a38\" data-element_type=\"widget\" data-e-type=\"widget\" data-settings=\"{&quot;_animation&quot;:&quot;fadeInRight&quot;,&quot;_animation_delay&quot;:200}\" data-widget_type=\"image.default\">\n\t\t\t\t<div class=\"elementor-widget-container\">\n\t\t\t\t\t\t\t\t\t\t\t\t\t\t\t<img decoding=\"async\" width=\"800\" height=\"534\" src=\"https:\/\/domspain.eu\/wp-content\/uploads\/translations-1024x683.jpeg\" class=\"attachment-large size-large wp-image-9947\" alt=\"\" srcset=\"https:\/\/domspain.eu\/wp-content\/uploads\/translations-1024x683.jpeg 1024w, https:\/\/domspain.eu\/wp-content\/uploads\/translations-300x200.jpeg 300w, https:\/\/domspain.eu\/wp-content\/uploads\/translations-768x512.jpeg 768w, https:\/\/domspain.eu\/wp-content\/uploads\/translations-1536x1024.jpeg 1536w, https:\/\/domspain.eu\/wp-content\/uploads\/translations-2048x1365.jpeg 2048w\" sizes=\"(max-width: 800px) 100vw, 800px\" \/>\t\t\t\t\t\t\t\t\t\t\t\t\t\t\t<\/div>\n\t\t\t\t<\/div>\n\t\t\t\t\t<\/div>\n\t\t<\/div>\n\t\t\t\t\t<\/div>\n\t\t<\/section>\n\t\t\t\t\t<\/div>\n\t\t<\/div>\n\t\t\t\t\t<\/div>\n\t\t<\/section>\n\t\t\t\t<\/div>\n\t\t","protected":false},"excerpt":{"rendered":"<p>Traduccions professionals Home A DomSpain sabem la import\u00e0ncia que t\u00e9 una comunicaci\u00f3 efica\u00e7 en un m\u00f3n globalitzat. Per aix\u00f2, oferim serveis de traducci\u00f3 professional per ajudar-te a arribar a un p\u00fablic m\u00e9s ampli en diferents idiomes. El nostre equip de traductors experimentats est\u00e0 especialitzat en diferents \u00e0mbits i s&#8217;assegura que el missatge es reflecteixi amb [&hellip;]<\/p>\n","protected":false},"author":18,"featured_media":0,"parent":0,"menu_order":0,"comment_status":"closed","ping_status":"closed","template":"","meta":{"footnotes":""},"class_list":["post-7971","page","type-page","status-publish","hentry"],"_links":{"self":[{"href":"https:\/\/domspain.eu\/ca\/wp-json\/wp\/v2\/pages\/7971","targetHints":{"allow":["GET"]}}],"collection":[{"href":"https:\/\/domspain.eu\/ca\/wp-json\/wp\/v2\/pages"}],"about":[{"href":"https:\/\/domspain.eu\/ca\/wp-json\/wp\/v2\/types\/page"}],"author":[{"embeddable":true,"href":"https:\/\/domspain.eu\/ca\/wp-json\/wp\/v2\/users\/18"}],"replies":[{"embeddable":true,"href":"https:\/\/domspain.eu\/ca\/wp-json\/wp\/v2\/comments?post=7971"}],"version-history":[{"count":10,"href":"https:\/\/domspain.eu\/ca\/wp-json\/wp\/v2\/pages\/7971\/revisions"}],"predecessor-version":[{"id":10014,"href":"https:\/\/domspain.eu\/ca\/wp-json\/wp\/v2\/pages\/7971\/revisions\/10014"}],"wp:attachment":[{"href":"https:\/\/domspain.eu\/ca\/wp-json\/wp\/v2\/media?parent=7971"}],"curies":[{"name":"wp","href":"https:\/\/api.w.org\/{rel}","templated":true}]}}