{"id":7947,"date":"2023-02-08T02:26:00","date_gmt":"2023-02-08T01:26:00","guid":{"rendered":"https:\/\/domspain.eu\/?page_id=7947"},"modified":"2025-07-30T09:22:52","modified_gmt":"2025-07-30T07:22:52","slug":"la-nostra-historia","status":"publish","type":"page","link":"https:\/\/domspain.eu\/ca\/la-nostra-historia\/","title":{"rendered":"La nostra hist\u00f2ria"},"content":{"rendered":"\t\t<div data-elementor-type=\"wp-page\" data-elementor-id=\"7947\" class=\"elementor elementor-7947 elementor-24\" data-elementor-post-type=\"page\">\n\t\t\t\t\t\t<section class=\"elementor-section elementor-top-section elementor-element elementor-element-b71fedd animated-fast elementor-section-boxed elementor-section-height-default elementor-section-height-default elementor-invisible\" data-id=\"b71fedd\" data-element_type=\"section\" data-e-type=\"section\" data-settings=\"{&quot;background_background&quot;:&quot;classic&quot;,&quot;jet_parallax_layout_list&quot;:[],&quot;animation&quot;:&quot;fadeIn&quot;}\">\n\t\t\t\t\t\t\t<div class=\"elementor-background-overlay\"><\/div>\n\t\t\t\t\t\t\t<div class=\"elementor-container elementor-column-gap-wider\">\n\t\t\t\t\t<div class=\"elementor-column elementor-col-100 elementor-top-column elementor-element elementor-element-f39cad1\" data-id=\"f39cad1\" data-element_type=\"column\" data-e-type=\"column\" data-settings=\"{&quot;background_background&quot;:&quot;classic&quot;}\">\n\t\t\t<div class=\"elementor-widget-wrap elementor-element-populated\">\n\t\t\t\t\t\t<div class=\"elementor-element elementor-element-e62a9f4 elementor-invisible elementor-widget elementor-widget-heading\" data-id=\"e62a9f4\" data-element_type=\"widget\" data-e-type=\"widget\" data-settings=\"{&quot;_animation&quot;:&quot;fadeInDown&quot;}\" data-widget_type=\"heading.default\">\n\t\t\t\t<div class=\"elementor-widget-container\">\n\t\t\t\t\t<h1 class=\"elementor-heading-title elementor-size-default\">La nostra<span style=\"color: var(--e-global-color-primary )\"> Hist\u00f2ria<\/span><\/h1>\t\t\t\t<\/div>\n\t\t\t\t<\/div>\n\t\t\t\t<div class=\"elementor-element elementor-element-8b9cbd3 elementor-icon-list--layout-inline elementor-align-center elementor-widget__width-auto elementor-list-item-link-full_width elementor-invisible elementor-widget elementor-widget-icon-list\" data-id=\"8b9cbd3\" data-element_type=\"widget\" data-e-type=\"widget\" data-settings=\"{&quot;_animation&quot;:&quot;fadeIn&quot;,&quot;_animation_delay&quot;:200}\" data-widget_type=\"icon-list.default\">\n\t\t\t\t<div class=\"elementor-widget-container\">\n\t\t\t\t\t\t\t<ul class=\"elementor-icon-list-items elementor-inline-items\">\n\t\t\t\t\t\t\t<li class=\"elementor-icon-list-item elementor-inline-item\">\n\t\t\t\t\t\t\t\t\t\t\t<a href=\"https:\/\/domspain.eu\/ca\/\">\n\n\t\t\t\t\t\t\t\t\t\t\t<span class=\"elementor-icon-list-text\">Inici<\/span>\n\t\t\t\t\t\t\t\t\t\t\t<\/a>\n\t\t\t\t\t\t\t\t\t<\/li>\n\t\t\t\t\t\t<\/ul>\n\t\t\t\t\t\t<\/div>\n\t\t\t\t<\/div>\n\t\t\t\t<div class=\"elementor-element elementor-element-df211b6 elementor-icon-list--layout-inline elementor-align-center elementor-widget__width-auto elementor-list-item-link-full_width elementor-invisible elementor-widget elementor-widget-icon-list\" data-id=\"df211b6\" data-element_type=\"widget\" data-e-type=\"widget\" data-settings=\"{&quot;_animation&quot;:&quot;fadeIn&quot;,&quot;_animation_delay&quot;:200}\" data-widget_type=\"icon-list.default\">\n\t\t\t\t<div class=\"elementor-widget-container\">\n\t\t\t\t\t\t\t<ul class=\"elementor-icon-list-items elementor-inline-items\">\n\t\t\t\t\t\t\t<li class=\"elementor-icon-list-item elementor-inline-item\">\n\t\t\t\t\t\t\t\t\t\t<span class=\"elementor-icon-list-text\"><\/span>\n\t\t\t\t\t\t\t\t\t<\/li>\n\t\t\t\t\t\t<\/ul>\n\t\t\t\t\t\t<\/div>\n\t\t\t\t<\/div>\n\t\t\t\t\t<\/div>\n\t\t<\/div>\n\t\t\t\t\t<\/div>\n\t\t<\/section>\n\t\t\t\t<section class=\"elementor-section elementor-top-section elementor-element elementor-element-40fddb9 elementor-section-full_width elementor-section-height-default elementor-section-height-default\" data-id=\"40fddb9\" data-element_type=\"section\" data-e-type=\"section\" data-settings=\"{&quot;jet_parallax_layout_list&quot;:[]}\">\n\t\t\t\t\t\t<div class=\"elementor-container elementor-column-gap-no\">\n\t\t\t\t\t<div class=\"elementor-column elementor-col-100 elementor-top-column elementor-element elementor-element-e17a2b4\" data-id=\"e17a2b4\" data-element_type=\"column\" data-e-type=\"column\">\n\t\t\t<div class=\"elementor-widget-wrap elementor-element-populated\">\n\t\t\t\t\t\t<section class=\"elementor-section elementor-inner-section elementor-element elementor-element-bb57a83 elementor-section-boxed elementor-section-height-default elementor-section-height-default\" data-id=\"bb57a83\" data-element_type=\"section\" data-e-type=\"section\" data-settings=\"{&quot;jet_parallax_layout_list&quot;:[]}\">\n\t\t\t\t\t\t<div class=\"elementor-container elementor-column-gap-wider\">\n\t\t\t\t\t<div class=\"elementor-column elementor-col-50 elementor-inner-column elementor-element elementor-element-51868c1\" data-id=\"51868c1\" data-element_type=\"column\" data-e-type=\"column\">\n\t\t\t<div class=\"elementor-widget-wrap elementor-element-populated\">\n\t\t\t\t\t\t<div class=\"elementor-element elementor-element-fdc2237 elementor-invisible elementor-widget elementor-widget-text-editor\" data-id=\"fdc2237\" data-element_type=\"widget\" data-e-type=\"widget\" data-settings=\"{&quot;_animation&quot;:&quot;fadeIn&quot;,&quot;_animation_delay&quot;:200}\" data-widget_type=\"text-editor.default\">\n\t\t\t\t<div class=\"elementor-widget-container\">\n\t\t\t\t\t\t\t\t\t<p data-start=\"0\" data-end=\"492\">DomSpain \u00e9s un centre d\u2019educaci\u00f3 i formaci\u00f3 actiu tant a nivell nacional com internacional. Fundat l\u2019any 2008 per un grup de mestres i educadors que creien que l\u2019educaci\u00f3 i l\u2019aprenentatge s\u00f3n processos molt m\u00e9s vivencials que els que ofereix el sistema educatiu formal, actualment s\u2019ha convertit en un centre i una xarxa de formadors, mestres, aprenents, emprenedors i, en general, professionals que consideren l\u2019educaci\u00f3 com un proc\u00e9s continu i al llarg de tota la vida, accessible a tothom.<\/p><p data-start=\"230\" data-end=\"620\">Oferim una gran varietat de serveis, no nom\u00e9s a la nostra comunitat m\u00e9s propera, sin\u00f3 tamb\u00e9 als sectors p\u00fablics i privats a nivell nacional i internacional; sempre amb la visi\u00f3 d\u2019empoderar persones i organitzacions perqu\u00e8 adquireixin les habilitats, compet\u00e8ncies i coneixements necessaris per trobar els recursos que els permetin assolir les seves aspiracions personals o professionals.<\/p><p data-start=\"622\" data-end=\"1013\">Amb aquest objectiu, hem establert un centre de formaci\u00f3 local que ofereix cursos presencials i en l\u00ednia. El nostre equip est\u00e0 format per m\u00e9s de 40 professionals, entre educadors, psic\u00f2legs, treballadors socials i juvenils, traductors i experts en TIC. Cada any, m\u00e9s de 1.400 estudiants de tota la prov\u00edncia i uns 200 aprenents internacionals participen en les nostres activitats formatives.<\/p>\t\t\t\t\t\t\t\t<\/div>\n\t\t\t\t<\/div>\n\t\t\t\t\t<\/div>\n\t\t<\/div>\n\t\t\t\t<div class=\"elementor-column elementor-col-50 elementor-inner-column elementor-element elementor-element-778a415\" data-id=\"778a415\" data-element_type=\"column\" data-e-type=\"column\">\n\t\t\t<div class=\"elementor-widget-wrap elementor-element-populated\">\n\t\t\t\t\t\t<div class=\"elementor-element elementor-element-87bcd81 elementor-invisible elementor-widget elementor-widget-image\" data-id=\"87bcd81\" data-element_type=\"widget\" data-e-type=\"widget\" data-settings=\"{&quot;_animation&quot;:&quot;fadeInRight&quot;,&quot;_animation_delay&quot;:100}\" data-widget_type=\"image.default\">\n\t\t\t\t<div class=\"elementor-widget-container\">\n\t\t\t\t\t\t\t\t\t\t\t\t\t\t\t<img fetchpriority=\"high\" decoding=\"async\" width=\"800\" height=\"600\" src=\"https:\/\/domspain.eu\/wp-content\/uploads\/IMG_4335-1024x768.jpeg\" class=\"attachment-large size-large wp-image-9965\" alt=\"\" srcset=\"https:\/\/domspain.eu\/wp-content\/uploads\/IMG_4335-1024x768.jpeg 1024w, https:\/\/domspain.eu\/wp-content\/uploads\/IMG_4335-300x225.jpeg 300w, https:\/\/domspain.eu\/wp-content\/uploads\/IMG_4335-768x576.jpeg 768w, https:\/\/domspain.eu\/wp-content\/uploads\/IMG_4335-1536x1152.jpeg 1536w, https:\/\/domspain.eu\/wp-content\/uploads\/IMG_4335.jpeg 2048w\" sizes=\"(max-width: 800px) 100vw, 800px\" \/>\t\t\t\t\t\t\t\t\t\t\t\t\t\t\t<\/div>\n\t\t\t\t<\/div>\n\t\t\t\t<div class=\"elementor-element elementor-element-98c630d elementor-invisible elementor-widget elementor-widget-image\" data-id=\"98c630d\" data-element_type=\"widget\" data-e-type=\"widget\" data-settings=\"{&quot;_animation&quot;:&quot;fadeInRight&quot;,&quot;_animation_delay&quot;:200}\" data-widget_type=\"image.default\">\n\t\t\t\t<div class=\"elementor-widget-container\">\n\t\t\t\t\t\t\t\t\t\t\t\t\t\t\t<img decoding=\"async\" width=\"800\" height=\"534\" src=\"https:\/\/domspain.eu\/wp-content\/uploads\/IMG_2191-1024x683.jpg\" class=\"attachment-large size-large wp-image-9845\" alt=\"\" srcset=\"https:\/\/domspain.eu\/wp-content\/uploads\/IMG_2191-1024x683.jpg 1024w, https:\/\/domspain.eu\/wp-content\/uploads\/IMG_2191-300x200.jpg 300w, https:\/\/domspain.eu\/wp-content\/uploads\/IMG_2191-768x512.jpg 768w, https:\/\/domspain.eu\/wp-content\/uploads\/IMG_2191-1536x1024.jpg 1536w, https:\/\/domspain.eu\/wp-content\/uploads\/IMG_2191-2048x1365.jpg 2048w\" sizes=\"(max-width: 800px) 100vw, 800px\" \/>\t\t\t\t\t\t\t\t\t\t\t\t\t\t\t<\/div>\n\t\t\t\t<\/div>\n\t\t\t\t\t<\/div>\n\t\t<\/div>\n\t\t\t\t\t<\/div>\n\t\t<\/section>\n\t\t\t\t<section class=\"elementor-section elementor-inner-section elementor-element elementor-element-bdb8b7c elementor-section-boxed elementor-section-height-default elementor-section-height-default\" data-id=\"bdb8b7c\" data-element_type=\"section\" data-e-type=\"section\" data-settings=\"{&quot;jet_parallax_layout_list&quot;:[]}\">\n\t\t\t\t\t\t<div class=\"elementor-container elementor-column-gap-wider\">\n\t\t\t\t\t<div class=\"elementor-column elementor-col-100 elementor-inner-column elementor-element elementor-element-53ccc85\" data-id=\"53ccc85\" data-element_type=\"column\" data-e-type=\"column\">\n\t\t\t<div class=\"elementor-widget-wrap elementor-element-populated\">\n\t\t\t\t\t\t<div class=\"elementor-element elementor-element-3e05d5a elementor-invisible elementor-widget elementor-widget-text-editor\" data-id=\"3e05d5a\" data-element_type=\"widget\" data-e-type=\"widget\" data-settings=\"{&quot;_animation&quot;:&quot;fadeIn&quot;,&quot;_animation_delay&quot;:200}\" data-widget_type=\"text-editor.default\">\n\t\t\t\t<div class=\"elementor-widget-container\">\n\t\t\t\t\t\t\t\t\t<p data-start=\"61\" data-end=\"159\"><strong data-start=\"61\" data-end=\"159\">El nostre Departament de Formaci\u00f3 desenvolupa programes educatius en quatre l\u00ednies principals:<\/strong><\/p><ul data-start=\"161\" data-end=\"401\"><li data-start=\"161\" data-end=\"296\"><p data-start=\"163\" data-end=\"296\"><strong data-start=\"163\" data-end=\"184\">Cursos i tallers:<\/strong> adre\u00e7ats a persones adultes, inclouen idiomes estrangers, TIC, cuina, dansa i classes de creixement personal.<\/p><\/li><li data-start=\"297\" data-end=\"401\"><p data-start=\"299\" data-end=\"401\"><strong data-start=\"299\" data-end=\"325\">Formaci\u00f3 Professional:<\/strong> TIC, idiomes estrangers, ocupabilitat i aprenentatge basat en el treball.<\/p><\/li><\/ul><p data-start=\"403\" data-end=\"591\">Som un centre acreditat de consultoria, selecci\u00f3 i formaci\u00f3 per coordinar mobilitats i pr\u00e0ctiques a nivell local, nacional i internacional per a estudiants de FP (Formaci\u00f3 Professional).<\/p><ul data-start=\"593\" data-end=\"1022\"><li data-start=\"593\" data-end=\"777\"><p data-start=\"595\" data-end=\"777\"><strong data-start=\"595\" data-end=\"624\">Formaci\u00f3 per a educadors:<\/strong> centrada en la millora de les seves compet\u00e8ncies en lleng\u00fces estrangeres, l\u2019\u00fas d\u2019eines digitals, nous m\u00e8todes d\u2019ensenyament i l\u2019aprenentatge combinat.<\/p><\/li><li data-start=\"778\" data-end=\"1022\"><p data-start=\"780\" data-end=\"1022\"><strong data-start=\"780\" data-end=\"809\">Activitats extraescolars:<\/strong> adre\u00e7ades a infants en edat escolar i als seus pares, inclouen idiomes estrangers, rob\u00f2tica, programaci\u00f3, seguretat a internet i suport educatiu per a infants, adolescents i adults amb dificultats d\u2019aprenentatge.<\/p><\/li><\/ul><p data-start=\"1029\" data-end=\"1050\"><strong data-start=\"1029\" data-end=\"1050\">Programaci\u00f3 i TIC<\/strong><\/p><p data-start=\"1052\" data-end=\"1253\">Dissenyem, produ\u00efm i implementem una \u00e0mplia gamma de solucions digitals, principalment en l\u2019\u00e0mbit educatiu: plataformes d\u2019aprenentatge en l\u00ednia, aplicacions m\u00f2bils, jocs educatius, bases de dades, etc.<\/p><p data-start=\"1255\" data-end=\"1660\">Amb els anys, hem constru\u00eft un equip s\u00f2lid especialitzat en la protecci\u00f3 d&#8217;infraestructures tecnol\u00f2giques, oferint a organitzacions, empreses, entitats p\u00fabliques i altres organismes solucions integrals que els ajuden a garantir la seguretat cibern\u00e8tica. Oferim orientaci\u00f3 i suport a centres educatius, entitats p\u00fabliques, empreses socials i ONG en la digitalitzaci\u00f3 dels seus processos de treball interns.<\/p><p data-start=\"1667\" data-end=\"1714\"><strong data-start=\"1667\" data-end=\"1714\">Desenvolupament de Projectes Internacionals<\/strong><\/p><p data-start=\"1716\" data-end=\"2133\">Hem adquirit una \u00e0mplia experi\u00e8ncia en l&#8217;acc\u00e9s, gesti\u00f3, implementaci\u00f3 i seguiment de projectes finan\u00e7ats per la Uni\u00f3 Europea. Coordinem pr\u00e0ctiques, estades formatives i mobilitats tant de personal com d\u2019estudiants de FP en \u00e0mbits com el turisme, la restauraci\u00f3, la biologia, els audiovisuals, la mec\u00e0nica, l\u2019accessibilitat, el m\u00e0rqueting, l\u2019administraci\u00f3 i les finances, l\u2019educaci\u00f3 no formal i informal, entre altres.<\/p><p data-start=\"2140\" data-end=\"2173\"><strong data-start=\"2140\" data-end=\"2173\">Desenvolupament de Capacitats<\/strong><\/p><p data-start=\"2175\" data-end=\"2470\">Tamb\u00e9 ens centrem en l\u2019enfortiment de les capacitats de petites empreses i organitzacions, aix\u00ed com en el voluntariat i el treball en q\u00fcestions socials, involucrant en les nostres activitats tots els membres de la comunitat, incloent-hi empresaris i autoritats governamentals a tots els nivells.<\/p>\t\t\t\t\t\t\t\t<\/div>\n\t\t\t\t<\/div>\n\t\t\t\t\t<\/div>\n\t\t<\/div>\n\t\t\t\t\t<\/div>\n\t\t<\/section>\n\t\t\t\t\t<\/div>\n\t\t<\/div>\n\t\t\t\t\t<\/div>\n\t\t<\/section>\n\t\t\t\t<\/div>\n\t\t","protected":false},"excerpt":{"rendered":"<p>La nostra Hist\u00f2ria Inici DomSpain \u00e9s un centre d\u2019educaci\u00f3 i formaci\u00f3 actiu tant a nivell nacional com internacional. Fundat l\u2019any 2008 per un grup de mestres i educadors que creien que l\u2019educaci\u00f3 i l\u2019aprenentatge s\u00f3n processos molt m\u00e9s vivencials que els que ofereix el sistema educatiu formal, actualment s\u2019ha convertit en un centre i una [&hellip;]<\/p>\n","protected":false},"author":18,"featured_media":0,"parent":0,"menu_order":0,"comment_status":"closed","ping_status":"closed","template":"","meta":{"footnotes":""},"class_list":["post-7947","page","type-page","status-publish","hentry"],"_links":{"self":[{"href":"https:\/\/domspain.eu\/ca\/wp-json\/wp\/v2\/pages\/7947","targetHints":{"allow":["GET"]}}],"collection":[{"href":"https:\/\/domspain.eu\/ca\/wp-json\/wp\/v2\/pages"}],"about":[{"href":"https:\/\/domspain.eu\/ca\/wp-json\/wp\/v2\/types\/page"}],"author":[{"embeddable":true,"href":"https:\/\/domspain.eu\/ca\/wp-json\/wp\/v2\/users\/18"}],"replies":[{"embeddable":true,"href":"https:\/\/domspain.eu\/ca\/wp-json\/wp\/v2\/comments?post=7947"}],"version-history":[{"count":22,"href":"https:\/\/domspain.eu\/ca\/wp-json\/wp\/v2\/pages\/7947\/revisions"}],"predecessor-version":[{"id":11556,"href":"https:\/\/domspain.eu\/ca\/wp-json\/wp\/v2\/pages\/7947\/revisions\/11556"}],"wp:attachment":[{"href":"https:\/\/domspain.eu\/ca\/wp-json\/wp\/v2\/media?parent=7947"}],"curies":[{"name":"wp","href":"https:\/\/api.w.org\/{rel}","templated":true}]}}